{"id":587,"date":"2022-03-31T10:56:32","date_gmt":"2022-03-31T08:56:32","guid":{"rendered":"https:\/\/dein-fallschirmsprung.de\/?page_id=587"},"modified":"2022-09-11T16:24:36","modified_gmt":"2022-09-11T14:24:36","slug":"fallschirmsprung-4000-meter","status":"publish","type":"page","link":"https:\/\/dein-fallschirmsprung.de\/en\/fallschirmsprung-4000-meter\/","title":{"rendered":"Fallschirmsprung 4000 Meter"},"content":{"rendered":"<h1><span id=\"eins\">Fallschirmsprung<\/span>&nbsp;<span id=\"zwei\">4000 Meter<\/span><\/h1>\n\n\n\n<p>Ein <strong>Fallschirmsprung aus 4000 Metern<\/strong> ist der Klassiker und den Fallschirm-Tandemspr\u00fcngen. Denn diese H\u00f6he ist ideal, um die Faszination <a href=\"https:\/\/dein-fallschirmsprung.de\/en\/\">Fallschirmspringen<\/a> mit all seinen Facetten zu erleben. Ganze 50\u201360 Sekunden dauert der freie Fall aus einer H\u00f6he von 4000 Metern. Genug Zeit f\u00fcr dich, um das Gef\u00fchl vom Fliegen und Fallen hautnah zu erleben und einen einzigartigen Rundumblick auf deine Heimatstadt zu genie\u00dfen. Auf dieser Seite findest du alle Informationen zum Thema \u201eTandemsprung aus 4000 Metern\u201c sowie die besten <a href=\"#gutscheine\">Gutscheine 2026<\/a>. Lass dich inspirieren und buche noch heute den Adrenalin-Kick deines Lebens!<\/p>\n\n\n\n<div class=\"wp-block-group has-accent-background-color has-background\"><div class=\"wp-block-group__inner-container is-layout-flow wp-block-group-is-layout-flow\">\n<p class=\"has-base-3-color has-text-color\"><strong>Das Wichtigste in K\u00fcrze<\/strong>:<\/p>\n\n\n\n<ul class=\"has-base-3-color has-text-color wp-block-list\"><li>Gesamtdauer: 3\u20134 Stunden<\/li><li>Absprungh\u00f6he: 4000 Meter<\/li><li>Freier Fall: 50\u201360 Sekunden<\/li><li>H\u00f6chstgeschwindigkeit: 200 km\/h<\/li><li>Preis: ca. 200 Euro<\/li><li>Gewicht: max. 90 kg (inkl. Kleidung und Schuhwerk), ab 90 kg gegen Aufpreis<\/li><li>Normale physische und psychische Verfassung<\/li><\/ul>\n<\/div><\/div>\n\n\n\n<div style=\"height:25px\" aria-hidden=\"true\" class=\"wp-block-spacer\"><\/div>\n\n\n\n<h2 class=\"wp-block-heading\">Wie l\u00e4uft ein Fallschirmsprung aus 4000 Metern ab?<\/h2>\n\n\n\n<p>Dein Fallschirmsprung aus 4000 Metern beginnt am Flugplatz deiner Wahl. Dort triffst du dich am gebuchten Sprungtag mit dem Springer-Team am vereinbarten Treffpunkt. Als allererstes meldest du dich dort f\u00fcr deinen Sprung an. Bei der <strong>Anmeldung<\/strong> musst du u.&nbsp;a. deinen Fallschirmsprung Gutschein abgeben sowie einen Bef\u00f6rderungsvertrag unterschreiben. Ist dies erledigt, geht es <strong>weiter zum Briefing<\/strong>. Dort erh\u00e4ltst du eine umfassende Einweisung f\u00fcr den bevorstehenden Sprung und kannst auch alle deine Fragen stellen. Nach dem kurzen theoretischen und praktischen Input gehts weiter ans <strong>Anziehen<\/strong>. Jetzt bekommst du einen Springer-Overall, eine Brille, eine M\u00fctze und je nach Jahreszeit auch ein Paar Handschuhe. Vollst\u00e4ndig eingekleidet geht nun <strong>direkt hinein ins Flugzeug<\/strong>, das dich auf die Absprungh\u00f6he von 4000 Metern bringt. <\/p>\n\n\n\n<p>Sobald das Flugzeug die Absprungstelle in 4000 Metern erreicht hat, \u00f6ffnet sich die T\u00fcre und ein Springer nach dem anderen st\u00fcrzt sich in die Tiefe. Dann bist du dran. Du setzt dich an die Kante, nimmst die ge\u00fcbte Absprungposition ein und l\u00e4sst dich einfach h\u00e4ngen. Dann ert\u00f6nt von hinten das Kommando: <strong>\u201eReady, Set, Go\u201c!<\/strong><\/p>\n\n\n\n<p>In den folgenden 60 Sekunden erlebst du einen <strong>Geschwindigkeitsrausch der Extraklasse<\/strong>. Mit knapp 200 km\/h geht es ganze 2500 Meter ungebremst in die Tiefe. Dabei erlebst du nicht nur das intensive und unvergessliche Gef\u00fchl vom Fliegen und Fallen, sondern genie\u00dft auch einen atemberaubenden Ausblick auf die wundersch\u00f6ne Landschaft unter dir. In knapp 1500 Metern zieht dein Tandemmaster schlie\u00dflich die Rei\u00dfleine. Jetzt gleitest du noch etwa 5 Minuten gem\u00fctlich am Fallschirm, bis du schlie\u00dflich <strong>sanft und sicher am Flugplatz landest<\/strong>.<\/p>\n\n\n\n<h2 class=\"wp-block-heading\" id=\"gutscheine\">Fallschirmsprung 4000 Meter &#8211; Gutschein kaufen<\/h2>\n\n\n<div class=\"atkp-container atkp-wide-box  atkp-template-wide\">\n                        <div class=\"atkp-box atkp-clearfix\"\n                 style=\"border-color:\">\n                <div class=\"atkp-predicateheadline atkp-predicate-highlight1\">\n                    <span><\/span><\/div>\n                <div class=\"atkp-thumb\">\n                                            <a href=\"https:\/\/www.awin1.com\/pclick.php?p=29317953529&a=514839&m=11717\" rel=\"sponsored nofollow noopener\" target=\"_blank\"  title=\"Gutschein ansehen\"><img decoding=\"async\" class=\"atkp-image\"\n                                                                             src=\"https:\/\/main.static.jsmd-group.com\/assets\/new_default_upload_bucket\/fallschirm-tandemsprung-59-1.jpg\"\n                                                                             alt=\"Gutschein Tandemsprung 50+ Orte, 3 Jahre g&uuml;ltig\"\/><\/a>\n                                                                    <div class=\"atkp-rating\"><span class=\"atkp-star atkp-star-5 atkp-star-00\" title=\"4.9 of 5 stars\"><\/span><\/div>\n                                                                                    <div class=\"atkp-reviews\">1123 customer reviews<\/div>\n                                                                                                                    <div class=\"atkp-shoplogo\"><img decoding=\"async\" src=\"https:\/\/dein-fallschirmsprung.de\/wp-content\/uploads\/2022\/03\/jochen-schweizer.jpg\" alt=\"Jochen Schweizer\" style=\"max-height:50px;max-width:140px\" \/><\/div>\n                                    <\/div>\n                <div class=\"atkp-content\">\n                                            <a class=\"atkp-title\" href=\"https:\/\/www.awin1.com\/pclick.php?p=29317953529&a=514839&m=11717\" rel=\"sponsored nofollow noopener\" target=\"_blank\"  title=\"Gutschein ansehen\">Gutschein Tandemsprung 50+ Orte, 3 Jahre g&uuml;ltig*<\/a>\n                                        <div class=\"atkp-author\">by Jochen Schweizer<\/div>\n\n                    <div class=\"atkp-description\"><p>Dein Sprung in die Freiheit Es sind Augenblicke f\u00fcr die Ewigkeit ! Fest verbunden mit einem erfahrenen Tandem-Master springst du aus einer H\u00f6he von bis zu 4.000 Metern ins Nichts. Du f\u00fchlst dich frei und rast mit Freifallgeschwindigkeit der Erde entgegen. Etwa 50 Sekunden sp\u00e4ter zieht der Tandem...<\/p>\n\n\n                                                    <div class=\"atkp-procontra\">\n                                                                    <span style=\"font-weight:bold\">Pro:<\/span>\n                                    <div class=\"atkp-pro\">\n                                        <ul class=\"atkp-pro\"><li><span class=\"atkp-check\"><span class=\"atkp-check-content\"><\/span><\/span>3 Jahre g\u00fcltig<\/li><li><span class=\"atkp-check\"><span class=\"atkp-check-content\"><\/span><\/span>50+ Orte<\/li><li><span class=\"atkp-check\"><span class=\"atkp-check-content\"><\/span><\/span>Kostenlos umtauschbar<\/li><\/ul>\n                                    <\/div>\n                                                                                            <\/div>\n                                            <\/div>\n                <\/div>\n                <div class=\"atkp-bottom\">\n                                            <span class=\"atkp-price atkp-listprice\"><\/span>\n                                                                <span class=\"atkp-price atkp-savedamount\"><\/span>\n                                                                <span class=\"atkp-price atkp-saleprice\">\n                            &nbsp;Price: &euro; 269.90\n                                                            <span class=\"atkp_price atkp-baseprice\"><\/span>\n                                                    <\/span>\n                    \n                                            <a href=\"https:\/\/www.awin1.com\/pclick.php?p=29317953529&a=514839&m=11717\" rel=\"sponsored nofollow noopener\" target=\"_blank\"  title=\"Gutschein ansehen\" class=\"atkp-button\">Gutschein ansehen*<\/a>\n                                                            <div class=\"atkp-container\"><\/div>\n                                            <span class=\"atkp-priceinfo\">Preis inkl. MwSt., zzgl. Versandkosten<\/span>\n                                    <\/div>\n            <\/div>\n                            <span class=\"atkp-disclaimer\">Zuletzt aktualisiert am 19. June 2025 um 13:14 . Wir weisen darauf hin, dass sich hier angezeigte Preise inzwischen ge\u00e4ndert haben k\u00f6nnen. Alle Angaben ohne Gew\u00e4hr.<\/span>\n            <\/div>\n\n\n\n\n<h2 class=\"wp-block-heading\">H\u00e4ufig gestellte Fragen<\/h2>\n\n\n\n<div class=\"schema-faq wp-block-yoast-faq-block\"><div class=\"schema-faq-section\" id=\"faq-question-1659025628411\"><strong class=\"schema-faq-question\">Wie lange dauert ein Fallschirmsprung aus 4000 Meter?<br\/><\/strong> <p class=\"schema-faq-answer\">Der freie Fall aus 4000 m dauert ca. 50\u201360 Sekunden.<\/p> <\/div> <div class=\"schema-faq-section\" id=\"faq-question-1661348521887\"><strong class=\"schema-faq-question\">Welche H\u00f6chstgeschwindigkeit erreiche ich?<\/strong> <p class=\"schema-faq-answer\">Bei einem Fallschirmsprung aus 4000 Metern erreichst du eine H\u00f6chstgeschwindigkeit von knapp 200 km\/h.<\/p> <\/div> <div class=\"schema-faq-section\" id=\"faq-question-1662894045941\"><strong class=\"schema-faq-question\">Was kostet ein Fallschirmsprung aus 4000 Metern?<\/strong> <p class=\"schema-faq-answer\">Ein Tandemsprung aus 4000 Metern kostet ca. 220 Euro.<\/p> <\/div> <div class=\"schema-faq-section\" id=\"faq-question-1662894071412\"><strong class=\"schema-faq-question\">Wo kann ich einen Tandemsprung aus 4000 Metern buchen?<\/strong> <p class=\"schema-faq-answer\">Einen Tandemsprung aus 4000 Metern kannst du entweder direkt beim Anbieter vor Ort, oder per Gutschein im Internet online buchen.<\/p> <\/div> <\/div>\n\n\n\n<h2 class=\"wp-block-heading\">Das k\u00f6nnte dich auch interessieren:<\/h2>\n\n\n\n<p><strong>4000 Meter sind dir nicht hoch genug<\/strong>? Wie w\u00e4re dann mit einem Fallschirmsprung aus schwindelerregenden 6000 Metern H\u00f6he? Alles Informationen dazu findest du hier:<\/p>\n\n\n\n<ul class=\"wp-block-list\"><li><a href=\"https:\/\/dein-fallschirmsprung.de\/en\/fallschirmsprung-6000-meter\/\">Fallschirmsprung 6000 Meter<\/a><\/li><\/ul>","protected":false},"excerpt":{"rendered":"<p>Fallschirmsprung&nbsp;4000 Meter Ein Fallschirmsprung aus 4000 Metern ist der Klassiker und den Fallschirm-Tandemspr\u00fcngen. Denn diese H\u00f6he ist ideal, um die Faszination Fallschirmspringen mit all seinen Facetten zu erleben. Ganze 50\u201360 Sekunden dauert der freie Fall aus einer H\u00f6he von 4000 Metern. Genug Zeit f\u00fcr dich, um das Gef\u00fchl vom Fliegen und Fallen hautnah zu erleben &#8230; <a title=\"Fallschirmsprung 4000 Meter\" class=\"read-more\" href=\"https:\/\/dein-fallschirmsprung.de\/en\/fallschirmsprung-4000-meter\/\" aria-label=\"More on Fallschirmsprung 4000 Meter\">Read more<\/a><\/p>","protected":false},"author":1,"featured_media":18,"parent":0,"menu_order":0,"comment_status":"closed","ping_status":"closed","template":"","meta":{"footnotes":""},"class_list":["post-587","page","type-page","status-publish","has-post-thumbnail"],"yoast_head":"<!-- This site is optimized with the Yoast SEO plugin v27.3 - https:\/\/yoast.com\/product\/yoast-seo-wordpress\/ -->\n<title>\u25b7 Fallschirmsprung 4000 Meter | alle Infos &amp; Preise 2026<\/title>\n<meta name=\"description\" content=\"\u25b7 Fallschirmsprung 4000 Meter \u2b50 alle Infos &amp; Preise 2026 \u2b50 die besten Anbieter \u2b50 alle Sprungpl\u00e4tze \u27a4 Jetzt Tandemsprung buchen!\" \/>\n<meta name=\"robots\" content=\"index, follow, max-snippet:-1, max-image-preview:large, max-video-preview:-1\" \/>\n<link rel=\"canonical\" href=\"https:\/\/dein-fallschirmsprung.de\/en\/fallschirmsprung-4000-meter\/\" \/>\n<meta property=\"og:locale\" content=\"en_GB\" \/>\n<meta property=\"og:type\" content=\"article\" \/>\n<meta property=\"og:title\" content=\"\u25b7 Fallschirmsprung 4000 Meter | alle Infos &amp; Preise 2026\" \/>\n<meta property=\"og:description\" content=\"\u25b7 Fallschirmsprung 4000 Meter \u2b50 alle Infos &amp; Preise 2026 \u2b50 die besten Anbieter \u2b50 alle Sprungpl\u00e4tze \u27a4 Jetzt Tandemsprung buchen!\" \/>\n<meta property=\"og:url\" content=\"https:\/\/dein-fallschirmsprung.de\/en\/fallschirmsprung-4000-meter\/\" \/>\n<meta property=\"og:site_name\" content=\"Dein-Fallschirmsprung.de\" \/>\n<meta property=\"article:modified_time\" content=\"2022-09-11T14:24:36+00:00\" \/>\n<meta property=\"og:image\" content=\"https:\/\/dein-fallschirmsprung.de\/wp-content\/uploads\/2022\/03\/fallschirmsprung-tandemsprung.jpg\" \/>\n\t<meta property=\"og:image:width\" content=\"1009\" \/>\n\t<meta property=\"og:image:height\" content=\"768\" \/>\n\t<meta property=\"og:image:type\" content=\"image\/jpeg\" \/>\n<meta name=\"twitter:card\" content=\"summary_large_image\" \/>\n<meta name=\"twitter:label1\" content=\"Estimated reading time\" \/>\n\t<meta name=\"twitter:data1\" content=\"3 minutes\" \/>\n<script type=\"application\/ld+json\" class=\"yoast-schema-graph\">{\"@context\":\"https:\\\/\\\/schema.org\",\"@graph\":[{\"@type\":[\"WebPage\",\"FAQPage\"],\"@id\":\"https:\\\/\\\/dein-fallschirmsprung.de\\\/fallschirmsprung-4000-meter\\\/\",\"url\":\"https:\\\/\\\/dein-fallschirmsprung.de\\\/fallschirmsprung-4000-meter\\\/\",\"name\":\"\u25b7 Fallschirmsprung 4000 Meter | alle Infos & Preise 2026\",\"isPartOf\":{\"@id\":\"https:\\\/\\\/dein-fallschirmsprung.de\\\/#website\"},\"primaryImageOfPage\":{\"@id\":\"https:\\\/\\\/dein-fallschirmsprung.de\\\/fallschirmsprung-4000-meter\\\/#primaryimage\"},\"image\":{\"@id\":\"https:\\\/\\\/dein-fallschirmsprung.de\\\/fallschirmsprung-4000-meter\\\/#primaryimage\"},\"thumbnailUrl\":\"https:\\\/\\\/dein-fallschirmsprung.de\\\/wp-content\\\/uploads\\\/2022\\\/03\\\/fallschirmsprung-tandemsprung.jpg\",\"datePublished\":\"2022-03-31T08:56:32+00:00\",\"dateModified\":\"2022-09-11T14:24:36+00:00\",\"description\":\"\u25b7 Fallschirmsprung 4000 Meter \u2b50 alle Infos & Preise 2026 \u2b50 die besten Anbieter \u2b50 alle Sprungpl\u00e4tze \u27a4 Jetzt Tandemsprung buchen!\",\"mainEntity\":[{\"@id\":\"https:\\\/\\\/dein-fallschirmsprung.de\\\/fallschirmsprung-4000-meter\\\/#faq-question-1659025628411\"},{\"@id\":\"https:\\\/\\\/dein-fallschirmsprung.de\\\/fallschirmsprung-4000-meter\\\/#faq-question-1661348521887\"},{\"@id\":\"https:\\\/\\\/dein-fallschirmsprung.de\\\/fallschirmsprung-4000-meter\\\/#faq-question-1662894045941\"},{\"@id\":\"https:\\\/\\\/dein-fallschirmsprung.de\\\/fallschirmsprung-4000-meter\\\/#faq-question-1662894071412\"}],\"inLanguage\":\"en-GB\",\"potentialAction\":[{\"@type\":\"ReadAction\",\"target\":[\"https:\\\/\\\/dein-fallschirmsprung.de\\\/fallschirmsprung-4000-meter\\\/\"]}]},{\"@type\":\"ImageObject\",\"inLanguage\":\"en-GB\",\"@id\":\"https:\\\/\\\/dein-fallschirmsprung.de\\\/fallschirmsprung-4000-meter\\\/#primaryimage\",\"url\":\"https:\\\/\\\/dein-fallschirmsprung.de\\\/wp-content\\\/uploads\\\/2022\\\/03\\\/fallschirmsprung-tandemsprung.jpg\",\"contentUrl\":\"https:\\\/\\\/dein-fallschirmsprung.de\\\/wp-content\\\/uploads\\\/2022\\\/03\\\/fallschirmsprung-tandemsprung.jpg\",\"width\":1009,\"height\":768,\"caption\":\"Fallschirmsprung Tandemsprung\"},{\"@type\":\"WebSite\",\"@id\":\"https:\\\/\\\/dein-fallschirmsprung.de\\\/#website\",\"url\":\"https:\\\/\\\/dein-fallschirmsprung.de\\\/\",\"name\":\"Dein-Fallschirmsprung.de\",\"description\":\"Fallschirmspringen in deiner N\u00e4he!\",\"publisher\":{\"@id\":\"https:\\\/\\\/dein-fallschirmsprung.de\\\/#organization\"},\"potentialAction\":[{\"@type\":\"SearchAction\",\"target\":{\"@type\":\"EntryPoint\",\"urlTemplate\":\"https:\\\/\\\/dein-fallschirmsprung.de\\\/?s={search_term_string}\"},\"query-input\":{\"@type\":\"PropertyValueSpecification\",\"valueRequired\":true,\"valueName\":\"search_term_string\"}}],\"inLanguage\":\"en-GB\"},{\"@type\":\"Organization\",\"@id\":\"https:\\\/\\\/dein-fallschirmsprung.de\\\/#organization\",\"name\":\"Dein-Fallschirmsprung.de\",\"url\":\"https:\\\/\\\/dein-fallschirmsprung.de\\\/\",\"logo\":{\"@type\":\"ImageObject\",\"inLanguage\":\"en-GB\",\"@id\":\"https:\\\/\\\/dein-fallschirmsprung.de\\\/#\\\/schema\\\/logo\\\/image\\\/\",\"url\":\"https:\\\/\\\/dein-fallschirmsprung.de\\\/wp-content\\\/uploads\\\/2023\\\/03\\\/skydiving.png\",\"contentUrl\":\"https:\\\/\\\/dein-fallschirmsprung.de\\\/wp-content\\\/uploads\\\/2023\\\/03\\\/skydiving.png\",\"width\":512,\"height\":512,\"caption\":\"Dein-Fallschirmsprung.de\"},\"image\":{\"@id\":\"https:\\\/\\\/dein-fallschirmsprung.de\\\/#\\\/schema\\\/logo\\\/image\\\/\"}},{\"@type\":\"Question\",\"@id\":\"https:\\\/\\\/dein-fallschirmsprung.de\\\/fallschirmsprung-4000-meter\\\/#faq-question-1659025628411\",\"position\":1,\"url\":\"https:\\\/\\\/dein-fallschirmsprung.de\\\/fallschirmsprung-4000-meter\\\/#faq-question-1659025628411\",\"name\":\"Wie lange dauert ein Fallschirmsprung aus 4000 Meter?\",\"answerCount\":1,\"acceptedAnswer\":{\"@type\":\"Answer\",\"text\":\"Der freie Fall aus 4000 m dauert ca. 50\u201360 Sekunden.\",\"inLanguage\":\"en-GB\"},\"inLanguage\":\"en-GB\"},{\"@type\":\"Question\",\"@id\":\"https:\\\/\\\/dein-fallschirmsprung.de\\\/fallschirmsprung-4000-meter\\\/#faq-question-1661348521887\",\"position\":2,\"url\":\"https:\\\/\\\/dein-fallschirmsprung.de\\\/fallschirmsprung-4000-meter\\\/#faq-question-1661348521887\",\"name\":\"Welche H\u00f6chstgeschwindigkeit erreiche ich?\",\"answerCount\":1,\"acceptedAnswer\":{\"@type\":\"Answer\",\"text\":\"Bei einem Fallschirmsprung aus 4000 Metern erreichst du eine H\u00f6chstgeschwindigkeit von knapp 200 km\\\/h.\",\"inLanguage\":\"en-GB\"},\"inLanguage\":\"en-GB\"},{\"@type\":\"Question\",\"@id\":\"https:\\\/\\\/dein-fallschirmsprung.de\\\/fallschirmsprung-4000-meter\\\/#faq-question-1662894045941\",\"position\":3,\"url\":\"https:\\\/\\\/dein-fallschirmsprung.de\\\/fallschirmsprung-4000-meter\\\/#faq-question-1662894045941\",\"name\":\"Was kostet ein Fallschirmsprung aus 4000 Metern?\",\"answerCount\":1,\"acceptedAnswer\":{\"@type\":\"Answer\",\"text\":\"Ein Tandemsprung aus 4000 Metern kostet ca. 220 Euro.\",\"inLanguage\":\"en-GB\"},\"inLanguage\":\"en-GB\"},{\"@type\":\"Question\",\"@id\":\"https:\\\/\\\/dein-fallschirmsprung.de\\\/fallschirmsprung-4000-meter\\\/#faq-question-1662894071412\",\"position\":4,\"url\":\"https:\\\/\\\/dein-fallschirmsprung.de\\\/fallschirmsprung-4000-meter\\\/#faq-question-1662894071412\",\"name\":\"Wo kann ich einen Tandemsprung aus 4000 Metern buchen?\",\"answerCount\":1,\"acceptedAnswer\":{\"@type\":\"Answer\",\"text\":\"Einen Tandemsprung aus 4000 Metern kannst du entweder direkt beim Anbieter vor Ort, oder per Gutschein im Internet online buchen.\",\"inLanguage\":\"en-GB\"},\"inLanguage\":\"en-GB\"}]}<\/script>\n<!-- \/ Yoast SEO plugin. -->","yoast_head_json":{"title":"\u25b7 Fallschirmsprung 4000 Meter | alle Infos & Preise 2026","description":"\u25b7 Fallschirmsprung 4000 Meter \u2b50 alle Infos & Preise 2026 \u2b50 die besten Anbieter \u2b50 alle Sprungpl\u00e4tze \u27a4 Jetzt Tandemsprung buchen!","robots":{"index":"index","follow":"follow","max-snippet":"max-snippet:-1","max-image-preview":"max-image-preview:large","max-video-preview":"max-video-preview:-1"},"canonical":"https:\/\/dein-fallschirmsprung.de\/en\/fallschirmsprung-4000-meter\/","og_locale":"en_GB","og_type":"article","og_title":"\u25b7 Fallschirmsprung 4000 Meter | alle Infos & Preise 2026","og_description":"\u25b7 Fallschirmsprung 4000 Meter \u2b50 alle Infos & Preise 2026 \u2b50 die besten Anbieter \u2b50 alle Sprungpl\u00e4tze \u27a4 Jetzt Tandemsprung buchen!","og_url":"https:\/\/dein-fallschirmsprung.de\/en\/fallschirmsprung-4000-meter\/","og_site_name":"Dein-Fallschirmsprung.de","article_modified_time":"2022-09-11T14:24:36+00:00","og_image":[{"width":1009,"height":768,"url":"https:\/\/dein-fallschirmsprung.de\/wp-content\/uploads\/2022\/03\/fallschirmsprung-tandemsprung.jpg","type":"image\/jpeg"}],"twitter_card":"summary_large_image","twitter_misc":{"Estimated reading time":"3 minutes"},"schema":{"@context":"https:\/\/schema.org","@graph":[{"@type":["WebPage","FAQPage"],"@id":"https:\/\/dein-fallschirmsprung.de\/fallschirmsprung-4000-meter\/","url":"https:\/\/dein-fallschirmsprung.de\/fallschirmsprung-4000-meter\/","name":"\u25b7 Fallschirmsprung 4000 Meter | alle Infos & Preise 2026","isPartOf":{"@id":"https:\/\/dein-fallschirmsprung.de\/#website"},"primaryImageOfPage":{"@id":"https:\/\/dein-fallschirmsprung.de\/fallschirmsprung-4000-meter\/#primaryimage"},"image":{"@id":"https:\/\/dein-fallschirmsprung.de\/fallschirmsprung-4000-meter\/#primaryimage"},"thumbnailUrl":"https:\/\/dein-fallschirmsprung.de\/wp-content\/uploads\/2022\/03\/fallschirmsprung-tandemsprung.jpg","datePublished":"2022-03-31T08:56:32+00:00","dateModified":"2022-09-11T14:24:36+00:00","description":"\u25b7 Fallschirmsprung 4000 Meter \u2b50 alle Infos & Preise 2026 \u2b50 die besten Anbieter \u2b50 alle Sprungpl\u00e4tze \u27a4 Jetzt Tandemsprung buchen!","mainEntity":[{"@id":"https:\/\/dein-fallschirmsprung.de\/fallschirmsprung-4000-meter\/#faq-question-1659025628411"},{"@id":"https:\/\/dein-fallschirmsprung.de\/fallschirmsprung-4000-meter\/#faq-question-1661348521887"},{"@id":"https:\/\/dein-fallschirmsprung.de\/fallschirmsprung-4000-meter\/#faq-question-1662894045941"},{"@id":"https:\/\/dein-fallschirmsprung.de\/fallschirmsprung-4000-meter\/#faq-question-1662894071412"}],"inLanguage":"en-GB","potentialAction":[{"@type":"ReadAction","target":["https:\/\/dein-fallschirmsprung.de\/fallschirmsprung-4000-meter\/"]}]},{"@type":"ImageObject","inLanguage":"en-GB","@id":"https:\/\/dein-fallschirmsprung.de\/fallschirmsprung-4000-meter\/#primaryimage","url":"https:\/\/dein-fallschirmsprung.de\/wp-content\/uploads\/2022\/03\/fallschirmsprung-tandemsprung.jpg","contentUrl":"https:\/\/dein-fallschirmsprung.de\/wp-content\/uploads\/2022\/03\/fallschirmsprung-tandemsprung.jpg","width":1009,"height":768,"caption":"Fallschirmsprung Tandemsprung"},{"@type":"WebSite","@id":"https:\/\/dein-fallschirmsprung.de\/#website","url":"https:\/\/dein-fallschirmsprung.de\/","name":"Dein-Fallschirmsprung.de","description":"Fallschirmspringen in deiner N\u00e4he!","publisher":{"@id":"https:\/\/dein-fallschirmsprung.de\/#organization"},"potentialAction":[{"@type":"SearchAction","target":{"@type":"EntryPoint","urlTemplate":"https:\/\/dein-fallschirmsprung.de\/?s={search_term_string}"},"query-input":{"@type":"PropertyValueSpecification","valueRequired":true,"valueName":"search_term_string"}}],"inLanguage":"en-GB"},{"@type":"Organization","@id":"https:\/\/dein-fallschirmsprung.de\/#organization","name":"Dein-Fallschirmsprung.de","url":"https:\/\/dein-fallschirmsprung.de\/","logo":{"@type":"ImageObject","inLanguage":"en-GB","@id":"https:\/\/dein-fallschirmsprung.de\/#\/schema\/logo\/image\/","url":"https:\/\/dein-fallschirmsprung.de\/wp-content\/uploads\/2023\/03\/skydiving.png","contentUrl":"https:\/\/dein-fallschirmsprung.de\/wp-content\/uploads\/2023\/03\/skydiving.png","width":512,"height":512,"caption":"Dein-Fallschirmsprung.de"},"image":{"@id":"https:\/\/dein-fallschirmsprung.de\/#\/schema\/logo\/image\/"}},{"@type":"Question","@id":"https:\/\/dein-fallschirmsprung.de\/fallschirmsprung-4000-meter\/#faq-question-1659025628411","position":1,"url":"https:\/\/dein-fallschirmsprung.de\/fallschirmsprung-4000-meter\/#faq-question-1659025628411","name":"Wie lange dauert ein Fallschirmsprung aus 4000 Meter?","answerCount":1,"acceptedAnswer":{"@type":"Answer","text":"Der freie Fall aus 4000 m dauert ca. 50\u201360 Sekunden.","inLanguage":"en-GB"},"inLanguage":"en-GB"},{"@type":"Question","@id":"https:\/\/dein-fallschirmsprung.de\/fallschirmsprung-4000-meter\/#faq-question-1661348521887","position":2,"url":"https:\/\/dein-fallschirmsprung.de\/fallschirmsprung-4000-meter\/#faq-question-1661348521887","name":"Welche H\u00f6chstgeschwindigkeit erreiche ich?","answerCount":1,"acceptedAnswer":{"@type":"Answer","text":"Bei einem Fallschirmsprung aus 4000 Metern erreichst du eine H\u00f6chstgeschwindigkeit von knapp 200 km\/h.","inLanguage":"en-GB"},"inLanguage":"en-GB"},{"@type":"Question","@id":"https:\/\/dein-fallschirmsprung.de\/fallschirmsprung-4000-meter\/#faq-question-1662894045941","position":3,"url":"https:\/\/dein-fallschirmsprung.de\/fallschirmsprung-4000-meter\/#faq-question-1662894045941","name":"Was kostet ein Fallschirmsprung aus 4000 Metern?","answerCount":1,"acceptedAnswer":{"@type":"Answer","text":"Ein Tandemsprung aus 4000 Metern kostet ca. 220 Euro.","inLanguage":"en-GB"},"inLanguage":"en-GB"},{"@type":"Question","@id":"https:\/\/dein-fallschirmsprung.de\/fallschirmsprung-4000-meter\/#faq-question-1662894071412","position":4,"url":"https:\/\/dein-fallschirmsprung.de\/fallschirmsprung-4000-meter\/#faq-question-1662894071412","name":"Wo kann ich einen Tandemsprung aus 4000 Metern buchen?","answerCount":1,"acceptedAnswer":{"@type":"Answer","text":"Einen Tandemsprung aus 4000 Metern kannst du entweder direkt beim Anbieter vor Ort, oder per Gutschein im Internet online buchen.","inLanguage":"en-GB"},"inLanguage":"en-GB"}]}},"_links":{"self":[{"href":"https:\/\/dein-fallschirmsprung.de\/en\/wp-json\/wp\/v2\/pages\/587","targetHints":{"allow":["GET"]}}],"collection":[{"href":"https:\/\/dein-fallschirmsprung.de\/en\/wp-json\/wp\/v2\/pages"}],"about":[{"href":"https:\/\/dein-fallschirmsprung.de\/en\/wp-json\/wp\/v2\/types\/page"}],"author":[{"embeddable":true,"href":"https:\/\/dein-fallschirmsprung.de\/en\/wp-json\/wp\/v2\/users\/1"}],"replies":[{"embeddable":true,"href":"https:\/\/dein-fallschirmsprung.de\/en\/wp-json\/wp\/v2\/comments?post=587"}],"version-history":[{"count":27,"href":"https:\/\/dein-fallschirmsprung.de\/en\/wp-json\/wp\/v2\/pages\/587\/revisions"}],"predecessor-version":[{"id":4030,"href":"https:\/\/dein-fallschirmsprung.de\/en\/wp-json\/wp\/v2\/pages\/587\/revisions\/4030"}],"wp:featuredmedia":[{"embeddable":true,"href":"https:\/\/dein-fallschirmsprung.de\/en\/wp-json\/wp\/v2\/media\/18"}],"wp:attachment":[{"href":"https:\/\/dein-fallschirmsprung.de\/en\/wp-json\/wp\/v2\/media?parent=587"}],"curies":[{"name":"wp","href":"https:\/\/api.w.org\/{rel}","templated":true}]}}