{"id":5037,"date":"2023-12-16T08:03:11","date_gmt":"2023-12-16T07:03:11","guid":{"rendered":"https:\/\/dein-fallschirmsprung.de\/?page_id=5037"},"modified":"2023-12-16T18:24:45","modified_gmt":"2023-12-16T17:24:45","slug":"oesterreich","status":"publish","type":"page","link":"https:\/\/dein-fallschirmsprung.de\/en\/oesterreich\/","title":{"rendered":"Fallschirmsprung \u00d6sterreich"},"content":{"rendered":"<h1><span id=\"eins\">Fallschirmsprung<\/span>&nbsp;<span id=\"zwei\">\u00d6sterreich<\/span><\/h1>\n\n\n\n<p>Willkommen in unserer Kategorie &#8222;<strong>Fallschirmsprung \u00d6sterreich<\/strong>&#8220; \u2013 deinem Tor zu atemberaubenden Abenteuern in den \u00f6sterreichischen Himmeln! Tauche mit uns ein in die Welt des Adrenalins und erlebe den ultimativen Nervenkitzel des Fallschirmspringens inmitten der spektakul\u00e4ren Alpenlandschaft. Von Tirol \u00fcber Vorarlberg bis nach Nieder\u00f6sterreich bieten wir dir einen \u00dcberblick \u00fcber <strong>die besten Orte zum Tandemspringen in \u00d6sterreich 2026<\/strong>.<\/p>\n\n\n\n<p>Bereite dich darauf vor, die Schwerelosigkeit zu sp\u00fcren, w\u00e4hrend du aus dem Flugzeug springst, und genie\u00dfe die unvergleichliche Aussicht auf majest\u00e4tische Berge und malerische Landschaften. Hier erf\u00e4hrst du alles, was du wissen musst, um deinen Fallschirmsprung in \u00d6sterreich zu einem unvergesslichen Abenteuer zu machen. Bist du bereit, in die Freiheit zu springen? Lass uns gemeinsam die Welt von oben entdecken!<\/p>\n\n\n\n\n\n<h2 class=\"wp-block-heading\">Wo kann man in \u00d6sterreich Fallschirmspringen?<\/h2>\n\n\n\n<p>Klicke auf das gew\u00fcnschte Bundesland, um mehr zu erfahren!<\/p>\n\n\n<div class=\"map_wrapper\" id=\"map_wrapper_5059\">\n<div class=\"map_box\" style=\"max-width:2000px\">\n<div class=\"map_aspect_ratio\" style=\"padding-top:56%\" data-padding-top=\"56%\" data-padding-top-mobile=\"100%\">\n<div class=\"map_container\">\n<div class=\"map_render map_loading\" id=\"map_5059\"><\/div>\n<\/div>\n<\/div>\n<\/div>\n<\/div>\n\n\n\n<p><strong>Beliebte Orte und Regionen<\/strong>:<\/p>\n\n\n\n<div class=\"wp-block-buttons is-layout-flex wp-block-buttons-is-layout-flex\">\n<div class=\"wp-block-button\"><a class=\"wp-block-button__link wp-element-button\">Wien<\/a><\/div>\n\n\n\n<div class=\"wp-block-button\"><a class=\"wp-block-button__link wp-element-button\">Salzburg<\/a><\/div>\n\n\n\n<div class=\"wp-block-button\"><a class=\"wp-block-button__link wp-element-button\">Innsbruck<\/a><\/div>\n\n\n\n<div class=\"wp-block-button\"><a class=\"wp-block-button__link wp-element-button\">Tirol<\/a><\/div>\n<\/div>\n\n\n\n<div style=\"height:100px\" aria-hidden=\"true\" class=\"wp-block-spacer\"><\/div>\n\n\n\n<h2 class=\"wp-block-heading\">Tandemsprung \u00d6sterreich: Die Sprungpl\u00e4tze im \u00dcberblick<\/h2>\n\n\n\n<h3 class=\"wp-block-heading\">Ober\u00f6sterreich<\/h3>\n\n\n\n<ul class=\"wp-block-list\">\n<li><strong>Flugplatz Gmunden<\/strong>: In der benachbarten Gemeinde Gschwandt im malerischen Salzkammergut bietet sich eine reizvolle Kulisse f\u00fcr Tandem Fallschirmspringen, mit dem imposanten Traunstein und den Seen als atemberaubendem Panorama. Zuschauer k\u00f6nnen das Geschehen gem\u00fctlich von der Terrasse des Restaurants aus beobachten.<\/li>\n<\/ul>\n\n\n\n<div style=\"height:50px\" aria-hidden=\"true\" class=\"wp-block-spacer\"><\/div>\n\n\n\n<h3 class=\"wp-block-heading\">Nieder\u00f6sterreich<\/h3>\n\n\n\n<ul class=\"wp-block-list\">\n<li><strong>Flugplatz Wiener Neustadt<\/strong>: <\/li>\n<\/ul>\n\n\n\n<div style=\"height:50px\" aria-hidden=\"true\" class=\"wp-block-spacer\"><\/div>\n\n\n\n<h3 class=\"wp-block-heading\"><a href=\"https:\/\/dein-fallschirmsprung.de\/en\/oesterreich\/tirol\/\">Tirol<\/a><\/h3>\n\n\n\n<ul class=\"wp-block-list\">\n<li><strong>Flugplatz St. Johann in Tirol<\/strong>: Am Fu\u00dfe des Wilden Kaisers liegt der Flugplatz St. Johann, die einzige Location f\u00fcr Tandemspr\u00fcnge in Tirol. Die Dropzone erm\u00f6glicht unvergessliche Spr\u00fcnge mit Alpenpanorama.<\/li>\n<\/ul>\n\n\n\n<h3 class=\"wp-block-heading\">Salzburg<\/h3>\n\n\n\n<ul class=\"wp-block-list\">\n<li><strong>Flugplatz Zell am See<\/strong><\/li>\n<\/ul>\n\n\n\n<h3 class=\"wp-block-heading\">Steiermark<\/h3>\n\n\n\n<ul class=\"wp-block-list\">\n<li>Flugplatz Nieder\u00f6blarn<\/li>\n\n\n\n<li>Flugplatz Trieben<\/li>\n<\/ul>\n\n\n\n<h3 class=\"wp-block-heading\">Vorarlberg<\/h3>\n\n\n\n<ul class=\"wp-block-list\">\n<li><strong>Flugplatz Hohenems<\/strong>: <\/li>\n<\/ul>\n\n\n\n<h2 class=\"wp-block-heading\" style=\"font-style:normal;font-weight:700\">Die besten Gutschein im April 2026<\/h2>\n\n\n<div class=\"atkp-container atkp-wide-box  atkp-template-wide\">\n                        <div class=\"atkp-box atkp-clearfix\"\n                 style=\"\">\n                <div class=\"atkp-predicateheadline atkp-predicate-highlight\">\n                    <span><\/span><\/div>\n                <div class=\"atkp-thumb\">\n                                            <a href=\"https:\/\/www.awin1.com\/pclick.php?p=29317951469&a=514839&m=11717\" rel=\"sponsored nofollow noopener\" target=\"_blank\"  title=\"Gutschein ansehen\"><img decoding=\"async\" class=\"atkp-image\"\n                                                                             src=\"https:\/\/main.static.jsmd-group.com\/assets\/_default_upload_bucket\/fallschirm-tandem-at-322-1.jpg\"\n                                                                             alt=\"Fallschirm Tandemsprung &Ouml;sterreich\"\/><\/a>\n                                                                                        <div class=\"atkp-shoplogo\"><img decoding=\"async\" src=\"https:\/\/dein-fallschirmsprung.de\/wp-content\/uploads\/2022\/03\/jochen-schweizer.jpg\" alt=\"Jochen Schweizer\" style=\"max-height:50px;max-width:140px\" \/><\/div>\n                                    <\/div>\n                <div class=\"atkp-content\">\n                                            <a class=\"atkp-title\" href=\"https:\/\/www.awin1.com\/pclick.php?p=29317951469&a=514839&m=11717\" rel=\"sponsored nofollow noopener\" target=\"_blank\"  title=\"Gutschein ansehen\">Fallschirm Tandemsprung &Ouml;sterreich*<\/a>\n                                        <div class=\"atkp-author\">by Jochen Schweizer<\/div>\n\n                    <div class=\"atkp-description\"><p>Nur Fallschirmspringer wissen, warum die V\u00f6gel singen! Augenblicke f\u00fcr die Ewigkeit! Fest verbunden mit einem erfahrenen Tandem-Master springst du aus einer H\u00f6he von rund 3.000 bis 4.000 Metern ins Nichts. Nach dem Exit beschleunigst du wie ein wild gewordener Sportwagen, bis du mit Freifallgesch...<\/p>\n\n\n                                                    <div class=\"atkp-procontra\">\n                                                                                            <\/div>\n                                            <\/div>\n                <\/div>\n                <div class=\"atkp-bottom\">\n                                            <span class=\"atkp-price atkp-listprice\"><\/span>\n                                                                <span class=\"atkp-price atkp-savedamount\"><\/span>\n                                                                <span class=\"atkp-price atkp-saleprice\">\n                            &nbsp;Price not available\n                                                            <span class=\"atkp_price atkp-baseprice\"><\/span>\n                                                    <\/span>\n                    \n                                            <a href=\"https:\/\/www.awin1.com\/pclick.php?p=29317951469&a=514839&m=11717\" rel=\"sponsored nofollow noopener\" target=\"_blank\"  title=\"Gutschein ansehen\" class=\"atkp-button\">Gutschein ansehen*<\/a>\n                                                            <div class=\"atkp-container\"><\/div>\n                                            <span class=\"atkp-priceinfo\">Preis inkl. MwSt., zzgl. Versandkosten<\/span>\n                                    <\/div>\n            <\/div>\n                            <span class=\"atkp-disclaimer\">Zuletzt aktualisiert am 23. August 2024 um 23:17 . Wir weisen darauf hin, dass sich hier angezeigte Preise inzwischen ge\u00e4ndert haben k\u00f6nnen. Alle Angaben ohne Gew\u00e4hr.<\/span>\n            <\/div>","protected":false},"excerpt":{"rendered":"<p>Fallschirmsprung&nbsp;\u00d6sterreich Willkommen in unserer Kategorie &#8222;Fallschirmsprung \u00d6sterreich&#8220; \u2013 deinem Tor zu atemberaubenden Abenteuern in den \u00f6sterreichischen Himmeln! Tauche mit uns ein in die Welt des Adrenalins und erlebe den ultimativen Nervenkitzel des Fallschirmspringens inmitten der spektakul\u00e4ren Alpenlandschaft. Von Tirol \u00fcber Vorarlberg bis nach Nieder\u00f6sterreich bieten wir dir einen \u00dcberblick \u00fcber die besten Orte zum Tandemspringen &#8230; <a title=\"Fallschirmsprung \u00d6sterreich\" class=\"read-more\" href=\"https:\/\/dein-fallschirmsprung.de\/en\/oesterreich\/\" aria-label=\"More on Fallschirmsprung \u00d6sterreich\">Read more<\/a><\/p>","protected":false},"author":1,"featured_media":0,"parent":0,"menu_order":0,"comment_status":"closed","ping_status":"closed","template":"","meta":{"footnotes":""},"class_list":["post-5037","page","type-page","status-publish"],"yoast_head":"<!-- This site is optimized with the Yoast SEO plugin v27.3 - https:\/\/yoast.com\/product\/yoast-seo-wordpress\/ -->\n<title>Fallschirmsprung in \u00d6sterreich: Die besten Orte + Anbieter 2026<\/title>\n<meta name=\"robots\" content=\"index, follow, max-snippet:-1, max-image-preview:large, max-video-preview:-1\" \/>\n<link rel=\"canonical\" href=\"https:\/\/dein-fallschirmsprung.de\/en\/oesterreich\/\" \/>\n<meta property=\"og:locale\" content=\"en_GB\" \/>\n<meta property=\"og:type\" content=\"article\" \/>\n<meta property=\"og:title\" content=\"Fallschirmsprung in \u00d6sterreich: Die besten Orte + Anbieter 2026\" \/>\n<meta property=\"og:description\" content=\"Fallschirmsprung&nbsp;\u00d6sterreich Willkommen in unserer Kategorie &#8222;Fallschirmsprung \u00d6sterreich&#8220; \u2013 deinem Tor zu atemberaubenden Abenteuern in den \u00f6sterreichischen Himmeln! Tauche mit uns ein in die Welt des Adrenalins und erlebe den ultimativen Nervenkitzel des Fallschirmspringens inmitten der spektakul\u00e4ren Alpenlandschaft. Von Tirol \u00fcber Vorarlberg bis nach Nieder\u00f6sterreich bieten wir dir einen \u00dcberblick \u00fcber die besten Orte zum Tandemspringen ... Read more\" \/>\n<meta property=\"og:url\" content=\"https:\/\/dein-fallschirmsprung.de\/en\/oesterreich\/\" \/>\n<meta property=\"og:site_name\" content=\"Dein-Fallschirmsprung.de\" \/>\n<meta property=\"article:modified_time\" content=\"2023-12-16T17:24:45+00:00\" \/>\n<meta name=\"twitter:card\" content=\"summary_large_image\" \/>\n<meta name=\"twitter:label1\" content=\"Estimated reading time\" \/>\n\t<meta name=\"twitter:data1\" content=\"2 minutes\" \/>\n<script type=\"application\/ld+json\" class=\"yoast-schema-graph\">{\"@context\":\"https:\\\/\\\/schema.org\",\"@graph\":[{\"@type\":\"WebPage\",\"@id\":\"https:\\\/\\\/dein-fallschirmsprung.de\\\/oesterreich\\\/\",\"url\":\"https:\\\/\\\/dein-fallschirmsprung.de\\\/oesterreich\\\/\",\"name\":\"Fallschirmsprung in \u00d6sterreich: Die besten Orte + Anbieter 2026\",\"isPartOf\":{\"@id\":\"https:\\\/\\\/dein-fallschirmsprung.de\\\/#website\"},\"datePublished\":\"2023-12-16T07:03:11+00:00\",\"dateModified\":\"2023-12-16T17:24:45+00:00\",\"inLanguage\":\"en-GB\",\"potentialAction\":[{\"@type\":\"ReadAction\",\"target\":[\"https:\\\/\\\/dein-fallschirmsprung.de\\\/oesterreich\\\/\"]}]},{\"@type\":\"WebSite\",\"@id\":\"https:\\\/\\\/dein-fallschirmsprung.de\\\/#website\",\"url\":\"https:\\\/\\\/dein-fallschirmsprung.de\\\/\",\"name\":\"Dein-Fallschirmsprung.de\",\"description\":\"Fallschirmspringen in deiner N\u00e4he!\",\"publisher\":{\"@id\":\"https:\\\/\\\/dein-fallschirmsprung.de\\\/#organization\"},\"potentialAction\":[{\"@type\":\"SearchAction\",\"target\":{\"@type\":\"EntryPoint\",\"urlTemplate\":\"https:\\\/\\\/dein-fallschirmsprung.de\\\/?s={search_term_string}\"},\"query-input\":{\"@type\":\"PropertyValueSpecification\",\"valueRequired\":true,\"valueName\":\"search_term_string\"}}],\"inLanguage\":\"en-GB\"},{\"@type\":\"Organization\",\"@id\":\"https:\\\/\\\/dein-fallschirmsprung.de\\\/#organization\",\"name\":\"Dein-Fallschirmsprung.de\",\"url\":\"https:\\\/\\\/dein-fallschirmsprung.de\\\/\",\"logo\":{\"@type\":\"ImageObject\",\"inLanguage\":\"en-GB\",\"@id\":\"https:\\\/\\\/dein-fallschirmsprung.de\\\/#\\\/schema\\\/logo\\\/image\\\/\",\"url\":\"https:\\\/\\\/dein-fallschirmsprung.de\\\/wp-content\\\/uploads\\\/2023\\\/03\\\/skydiving.png\",\"contentUrl\":\"https:\\\/\\\/dein-fallschirmsprung.de\\\/wp-content\\\/uploads\\\/2023\\\/03\\\/skydiving.png\",\"width\":512,\"height\":512,\"caption\":\"Dein-Fallschirmsprung.de\"},\"image\":{\"@id\":\"https:\\\/\\\/dein-fallschirmsprung.de\\\/#\\\/schema\\\/logo\\\/image\\\/\"}}]}<\/script>\n<!-- \/ Yoast SEO plugin. -->","yoast_head_json":{"title":"Fallschirmsprung in \u00d6sterreich: Die besten Orte + Anbieter 2026","robots":{"index":"index","follow":"follow","max-snippet":"max-snippet:-1","max-image-preview":"max-image-preview:large","max-video-preview":"max-video-preview:-1"},"canonical":"https:\/\/dein-fallschirmsprung.de\/en\/oesterreich\/","og_locale":"en_GB","og_type":"article","og_title":"Fallschirmsprung in \u00d6sterreich: Die besten Orte + Anbieter 2026","og_description":"Fallschirmsprung&nbsp;\u00d6sterreich Willkommen in unserer Kategorie &#8222;Fallschirmsprung \u00d6sterreich&#8220; \u2013 deinem Tor zu atemberaubenden Abenteuern in den \u00f6sterreichischen Himmeln! Tauche mit uns ein in die Welt des Adrenalins und erlebe den ultimativen Nervenkitzel des Fallschirmspringens inmitten der spektakul\u00e4ren Alpenlandschaft. Von Tirol \u00fcber Vorarlberg bis nach Nieder\u00f6sterreich bieten wir dir einen \u00dcberblick \u00fcber die besten Orte zum Tandemspringen ... Read more","og_url":"https:\/\/dein-fallschirmsprung.de\/en\/oesterreich\/","og_site_name":"Dein-Fallschirmsprung.de","article_modified_time":"2023-12-16T17:24:45+00:00","twitter_card":"summary_large_image","twitter_misc":{"Estimated reading time":"2 minutes"},"schema":{"@context":"https:\/\/schema.org","@graph":[{"@type":"WebPage","@id":"https:\/\/dein-fallschirmsprung.de\/oesterreich\/","url":"https:\/\/dein-fallschirmsprung.de\/oesterreich\/","name":"Fallschirmsprung in \u00d6sterreich: Die besten Orte + Anbieter 2026","isPartOf":{"@id":"https:\/\/dein-fallschirmsprung.de\/#website"},"datePublished":"2023-12-16T07:03:11+00:00","dateModified":"2023-12-16T17:24:45+00:00","inLanguage":"en-GB","potentialAction":[{"@type":"ReadAction","target":["https:\/\/dein-fallschirmsprung.de\/oesterreich\/"]}]},{"@type":"WebSite","@id":"https:\/\/dein-fallschirmsprung.de\/#website","url":"https:\/\/dein-fallschirmsprung.de\/","name":"Dein-Fallschirmsprung.de","description":"Fallschirmspringen in deiner N\u00e4he!","publisher":{"@id":"https:\/\/dein-fallschirmsprung.de\/#organization"},"potentialAction":[{"@type":"SearchAction","target":{"@type":"EntryPoint","urlTemplate":"https:\/\/dein-fallschirmsprung.de\/?s={search_term_string}"},"query-input":{"@type":"PropertyValueSpecification","valueRequired":true,"valueName":"search_term_string"}}],"inLanguage":"en-GB"},{"@type":"Organization","@id":"https:\/\/dein-fallschirmsprung.de\/#organization","name":"Dein-Fallschirmsprung.de","url":"https:\/\/dein-fallschirmsprung.de\/","logo":{"@type":"ImageObject","inLanguage":"en-GB","@id":"https:\/\/dein-fallschirmsprung.de\/#\/schema\/logo\/image\/","url":"https:\/\/dein-fallschirmsprung.de\/wp-content\/uploads\/2023\/03\/skydiving.png","contentUrl":"https:\/\/dein-fallschirmsprung.de\/wp-content\/uploads\/2023\/03\/skydiving.png","width":512,"height":512,"caption":"Dein-Fallschirmsprung.de"},"image":{"@id":"https:\/\/dein-fallschirmsprung.de\/#\/schema\/logo\/image\/"}}]}},"_links":{"self":[{"href":"https:\/\/dein-fallschirmsprung.de\/en\/wp-json\/wp\/v2\/pages\/5037","targetHints":{"allow":["GET"]}}],"collection":[{"href":"https:\/\/dein-fallschirmsprung.de\/en\/wp-json\/wp\/v2\/pages"}],"about":[{"href":"https:\/\/dein-fallschirmsprung.de\/en\/wp-json\/wp\/v2\/types\/page"}],"author":[{"embeddable":true,"href":"https:\/\/dein-fallschirmsprung.de\/en\/wp-json\/wp\/v2\/users\/1"}],"replies":[{"embeddable":true,"href":"https:\/\/dein-fallschirmsprung.de\/en\/wp-json\/wp\/v2\/comments?post=5037"}],"version-history":[{"count":33,"href":"https:\/\/dein-fallschirmsprung.de\/en\/wp-json\/wp\/v2\/pages\/5037\/revisions"}],"predecessor-version":[{"id":5097,"href":"https:\/\/dein-fallschirmsprung.de\/en\/wp-json\/wp\/v2\/pages\/5037\/revisions\/5097"}],"wp:attachment":[{"href":"https:\/\/dein-fallschirmsprung.de\/en\/wp-json\/wp\/v2\/media?parent=5037"}],"curies":[{"name":"wp","href":"https:\/\/api.w.org\/{rel}","templated":true}]}}