{"id":3427,"date":"2022-08-18T14:20:37","date_gmt":"2022-08-18T12:20:37","guid":{"rendered":"https:\/\/dein-fallschirmsprung.de\/?page_id=3427"},"modified":"2022-08-24T15:22:53","modified_gmt":"2022-08-24T13:22:53","slug":"thalmaessing","status":"publish","type":"page","link":"https:\/\/dein-fallschirmsprung.de\/en\/deutschland\/bayern\/thalmaessing\/","title":{"rendered":"Tandemsprung Thalm\u00e4ssing"},"content":{"rendered":"<h1><span id=\"eins\">Tandemsprung<\/span>&nbsp;<span id=\"zwei\">Thalm\u00e4ssing<\/span><\/h1>\n\n\n\n<p>Du interessiert dich f\u00fcr einen <strong>Tandemsprung in Thalm\u00e4ssig<\/strong>? Dann bist du hier genau richtig. Denn auf dieser Seite findest du alle Informationen zum Thema Fallschirmspringen in Thalm\u00e4ssing sowie die besten Anbieter und<a href=\"#gutscheine\"> Gutscheine<\/a>.<\/p>\n\n\n\n<figure class=\"wp-block-image size-full\"><img loading=\"lazy\" decoding=\"async\" width=\"1000\" height=\"667\" src=\"https:\/\/dein-fallschirmsprung.de\/wp-content\/uploads\/2022\/03\/fallschirmsprung-tandemsprung-3.jpg\" alt=\"Fallschirmsprung Tandemsprung\" class=\"wp-image-114\" srcset=\"https:\/\/dein-fallschirmsprung.de\/wp-content\/uploads\/2022\/03\/fallschirmsprung-tandemsprung-3.jpg 1000w, https:\/\/dein-fallschirmsprung.de\/wp-content\/uploads\/2022\/03\/fallschirmsprung-tandemsprung-3-300x200.jpg 300w, https:\/\/dein-fallschirmsprung.de\/wp-content\/uploads\/2022\/03\/fallschirmsprung-tandemsprung-3-768x512.jpg 768w\" sizes=\"auto, (max-width: 1000px) 100vw, 1000px\" \/><\/figure>\n\n\n\n\n\n<h2 class=\"wp-block-heading\">Tandemsprung Thalm\u00e4ssing &#8211; das erwartet dich<\/h2>\n\n\n\n<p>Dein Tandemsprung in Thalm\u00e4ssig beginnt am <strong>Flugplatz Thalm\u00e4ssing-Waizenhofen<\/strong>. Dort triffst du dich am gebuchten Sprungtag mit deinem pers\u00f6nlichen Tandemmaster in der Dropzone. Dieser nimmt dich herzlich in Empfang und erledigt anschlie\u00dfend <strong>zuerst die Anmeldung<\/strong> mit dir. Bei der Anmeldung musst du u.a. deinen Fallschirmsprung Gutschein abgeben sowie einen Bef\u00f6rderungsvertrag und Haftungsausschluss unterzeichnen. Wenn der Papierkram erledigt ist, geht es <strong>weiter zum Briefing<\/strong>. Dort erh\u00e4ltst du eine umfassende Einweisung in den Ablauf des Tandemsprungs, die Sicherheit und die Ausr\u00fcstung. W\u00e4hrend und nach dem Briefing beantwortet dir dein Tandemmaster gerne alle deine Fragen.<\/p>\n\n\n\n<p>Ist alles klar, schl\u00fcpfst du auch schon in deine Sprungkombi und ziehst Tandemgurtzeug, Sprungbrille, Kappe und je nach Wetter auch Handschuhe an. Fertig eingekleidet bleibt noch kurz Zeit f\u00fcr ein Erinnerungsfoto, dann geht es <strong>direkt zum Flugzeug<\/strong>.<\/p>\n\n\n\n<p>Am Flugzeug angekommen, hilft dir dein Tandemmaster beim Einsteigen und zeigt dir den Platz, wo du sitzen musst. Wenn alle Springer in der Maschine sind, geht es los. Das Flugzeug ben\u00f6tigt bis zur Absprungh\u00f6he von 4000 Metern rund 15 Minuten. W\u00e4hrend dieser Zeit kannst du einen tollen Panoramablick auf den Naturpark Altm\u00fchltal sowie das Fr\u00e4nkische Seenland genie\u00dfen.<\/p>\n\n\n\n<p>In 4000 Metern angekommen, \u00f6ffnet sich die T\u00fcre des Flugzeugs und ein Springer nach dem anderen verschwindet in der Tiefe. <strong>Dann hei\u00dft es auch f\u00fcr dich: Absprung!<\/strong> In den n\u00e4chsten 60 Sekunden geht es mit knapp 200 km\/h ungebremst in die Tiefe. Beim freien Fall erlebst du hautnah, wie sich Fliegen anf\u00fchlt. In einer H\u00f6he von etwa 1500 Metern zieht dein Tandemmaster schlie\u00dflich die Rei\u00dfleine. Von nun an gleitest du noch etwa 5 Minuten am Himmel \u00fcber Bayern und <strong>landest schlie\u00dflich sanft und sicher<\/strong> am Flugplatz Thalm\u00e4ssing.<\/p>\n\n\n\n<p>Nach dem Sprung kannst du dir noch deine pers\u00f6nliche Urkunde abholen und gemeinsam mit den anderen Springern auf deinen ersten Tandemsprung in Thalm\u00e4ssing ansto\u00dfen.<\/p>\n\n\n\n<figure class=\"wp-block-embed is-type-video is-provider-youtube wp-block-embed-youtube wp-embed-aspect-16-9 wp-has-aspect-ratio\"><div class=\"wp-block-embed__wrapper\">\n<iframe loading=\"lazy\" title=\"Fallschirmsprung 04.10.2020 Skydive Colibri Thalm\u00e4ssing\" width=\"1200\" height=\"675\" src=\"https:\/\/www.youtube.com\/embed\/Y-afw-NtOao?feature=oembed\" frameborder=\"0\" allow=\"accelerometer; autoplay; clipboard-write; encrypted-media; gyroscope; picture-in-picture\" allowfullscreen><\/iframe>\n<\/div><\/figure>\n\n\n\n<div style=\"height:25px\" aria-hidden=\"true\" class=\"wp-block-spacer\"><\/div>\n\n\n\n<h2 class=\"wp-block-heading\">Thalm\u00e4ssing &#8211; der perfekte Ort f\u00fcr deinen Tandemsprung<\/h2>\n\n\n\n<p>Der <strong>Flugplatz Thalm\u00e4ssing-Waizenhofen (EDPW)<\/strong> liegt mitten im sch\u00f6nen Altm\u00fchltal im Herzen von <a href=\"https:\/\/dein-fallschirmsprung.de\/en\/deutschland\/bayern\/\">Bayern<\/a>. Der kleine und \u00fcberschaubare Flugplatz liegt mitten im Gr\u00fcnen und ist ein beliebter Sprungplatz f\u00fcr <a href=\"https:\/\/dein-fallschirmsprung.de\/en\/\">Tandemspr\u00fcnge<\/a>. Im Au\u00dfenbereich vor dem Hangar gibt es einige Sitzm\u00f6glichkeiten, wo man gem\u00fctlich verweilen und das Geschehen am Flugplatz beobachten kann.<\/p>\n\n\n\n<figure class=\"wp-block-table\"><table><thead><tr><th>Anfahrt von<\/th><th>km \/ Dauer (Auto)<\/th><\/tr><\/thead><tbody><tr><td>Ingolstadt<\/td><td>53,9 km \/ 42 min<\/td><\/tr><tr><td>N\u00fcrnberg<\/td><td>61,1&nbsp;km \/ 47 min<\/td><\/tr><tr><td>Regensburg<\/td><td>84,8&nbsp;km \/ 1&nbsp;Std. 14 min<\/td><\/tr><tr><td>Augsburg<\/td><td>104&nbsp;km \/ 1&nbsp;Std. 20 min<\/td><\/tr><tr><td>M\u00fcnchen<\/td><td>128&nbsp;km \/ 1&nbsp;Std. 22 min<\/td><\/tr><\/tbody><\/table><\/figure>\n\n\n\n<iframe loading=\"lazy\" src=\"https:\/\/www.google.com\/maps\/d\/u\/0\/embed?mid=1e7JdA1cv3xuxKMeTgJQ3M1ueh8JXH5k&amp;ehbc=2E312F\" width=\"100%\" height=\"600\"><\/iframe>\n\n\n\n<div style=\"height:25px\" aria-hidden=\"true\" class=\"wp-block-spacer\"><\/div>\n\n\n\n<h2 class=\"wp-block-heading\">Was kostet ein Fallschirmsprung in Thalm\u00e4ssing?<\/h2>\n\n\n\n<p>Ein Fallschirmsprung in Thalm\u00e4ssing kostet <strong>ca. 220 Euro<\/strong>. Der Preis beinhaltet folgende Leistungen:<\/p>\n\n\n\n<ul class=\"wp-block-list\"><li>Tandemsprung aus 4000 Metern<\/li><li>Betreuung durch einen professionellen Tandemmaster<\/li><li>Gesamte Leihausr\u00fcstung<\/li><li>Flug mit der Absetzmaschine inkl. Sprit.<\/li><\/ul>\n\n\n\n<p>Nicht im Preis inbegriffen sind <strong>Kosten f\u00fcr Foto- und Videoaufnahmen<\/strong> (falls gew\u00fcnscht). Diese liegen je nach Leistungsumfang zwischen 60 und 100 Euro.<\/p>\n\n\n\n<h2 class=\"wp-block-heading\">Welche Voraussetzungen gibt es?<\/h2>\n\n\n\n<div class=\"wp-block-group has-base-2-background-color has-background\"><div class=\"wp-block-group__inner-container is-layout-flow wp-block-group-is-layout-flow\">\n<ul class=\"wp-block-list\"><li>Mindestalter: zwischen 10 und 16 Jahre <\/li><li>Bis 18 Jahre mit Unterschrift eines anwesenden Erziehungsberechtigten<\/li><li>Mindestgr\u00f6\u00dfe: zwischen 1,10 und 1,50 m <\/li><li>Maximales K\u00f6rpergewicht:\u00a0 85 bis 100 kg<\/li><li>K\u00f6rperliche und geistige Gesundheit<\/li><li>Brillentr\u00e4ger bitte mit m\u00f6glichst kleiner Brille bzw. Sportbrille oder Kontaktlinsen<\/li><li>Kein Asthma, akute Bandscheibenvorf\u00e4lle, Diabetes, Herzbeschwerden oder \u00e4hnliche Erkrankungen<\/li><li>Kein Sprung w\u00e4hrend der Schwangerschaft<\/li><\/ul>\n\n\n\n<p><a href=\"https:\/\/dein-fallschirmsprung.de\/en\/voraussetzungen\/\">Alle Infos zu den Voraussetzungen findest du hier.<\/a><\/p>\n<\/div><\/div>\n\n\n\n<div style=\"height:25px\" aria-hidden=\"true\" class=\"wp-block-spacer\"><\/div>\n\n\n\n<h2 class=\"wp-block-heading\">Tandemsprung Thalm\u00e4ssing &#8211; das coolste Geschenk<\/h2>\n\n\n\n<p>Bist du auf der Suche nach einem <strong>ausgefallenen Geschenk<\/strong> f\u00fcr deinen Liebsten? Gl\u00fcckwunsch, jetzt hast du sie gefunden! Ein Tandemsprung in Thalm\u00e4ssing ist eine willkommene Abwechslung zu den \u00fcblichen Geschenken und zaubert deinem Liebsten garantiert ein breites L\u00e4cheln ins Gesicht. Du kannst den Gutschein f\u00fcrs Fallschirmspringen in Thalm\u00e4ssing <strong>schnell und bequem online kaufen<\/strong> und anschlie\u00dfend direkt ausdrucken und verpacken. Alternativ kannst du dir den Gutschein auch ein in einer stylischen Geschenkbox nach Hause liefern lassen.<\/p>\n\n\n\n<p>Ein Fallschirmsprung Gutschein ist nicht nur eine ausgefallene Geschenkidee f\u00fcr alle m\u00f6glichen Anl\u00e4sse, sondern bringt auch <strong>viele Vorteile<\/strong> mit sich. So ist der Gutschein 3 Jahre g\u00fcltig und kann an mehreren Orten in ganz Deutschland und anderen L\u00e4ndern eingel\u00f6st werden. Der Beschenkte kann also selbst entscheiden, wann und wo er den Gutschein einl\u00f6sen m\u00f6chte. Und sollte ein Fallschirmsprung in Thalm\u00e4ssing doch nicht das Richtige sein, so kann der Beschenkte das Erlebnis jederzeit kostenlos gegen ein anderes Erlebnis eintauschen.<\/p>\n\n\n\n<p><strong>Also, z\u00f6ger nicht l\u00e4nger und sicher dir jetzt das coolste Geschenk von allen!<\/strong><\/p>\n\n\n\n<h2 class=\"wp-block-heading\" id=\"gutscheine\"><strong>Die besten Gutscheine im April 2026<\/strong><\/h2>\n\n\n\n\n\n\n<div class=\"wp-block-buttons is-content-justification-left is-layout-flex wp-container-core-buttons-is-layout-fdcfc74e wp-block-buttons-is-layout-flex\">\n<div class=\"wp-block-button\"><a class=\"wp-block-button__link has-background\" href=\"https:\/\/tidd.ly\/3LlKqKn\" style=\"border-radius:0px;background-color:#007aa5\">Bei Jochen Schweizer buchen*<\/a><\/div>\n\n\n\n<div class=\"wp-block-button\"><a class=\"wp-block-button__link has-background\" href=\"https:\/\/tidd.ly\/36K0Kph\" style=\"border-radius:0px;background-color:#d0033f\">Bei Mydays buchen*<\/a><\/div>\n<\/div>\n\n\n\n<div style=\"height:25px\" aria-hidden=\"true\" class=\"wp-block-spacer\"><\/div>\n\n\n\n<h2 class=\"wp-block-heading\">H\u00e4ufig gestellte Fragen<\/h2>\n\n\n\n<div class=\"schema-faq wp-block-yoast-faq-block\"><div class=\"schema-faq-section\" id=\"faq-question-1661345476571\"><strong class=\"schema-faq-question\">Was kostet ein Fallschirmsprung in Thalm\u00e4ssing?<\/strong> <p class=\"schema-faq-answer\">Ein Fallschirmsprung in Thalm\u00e4ssing kostet ca. 220 Euro.<\/p> <\/div> <div class=\"schema-faq-section\" id=\"faq-question-1661346032855\"><strong class=\"schema-faq-question\">Wie lange dauert ein Fallschirmsprung in Thalm\u00e4ssing?<\/strong> <p class=\"schema-faq-answer\">Der freie Fall aus 4000 Metern dauert ca. 50-60 Sekunden.<\/p> <\/div> <\/div>","protected":false},"excerpt":{"rendered":"<p>Tandemsprung&nbsp;Thalm\u00e4ssing Du interessiert dich f\u00fcr einen Tandemsprung in Thalm\u00e4ssig? Dann bist du hier genau richtig. Denn auf dieser Seite findest du alle Informationen zum Thema Fallschirmspringen in Thalm\u00e4ssing sowie die besten Anbieter und Gutscheine. Tandemsprung Thalm\u00e4ssing &#8211; das erwartet dich Dein Tandemsprung in Thalm\u00e4ssig beginnt am Flugplatz Thalm\u00e4ssing-Waizenhofen. Dort triffst du dich am gebuchten Sprungtag &#8230; <a title=\"Tandemsprung Thalm\u00e4ssing\" class=\"read-more\" href=\"https:\/\/dein-fallschirmsprung.de\/en\/deutschland\/bayern\/thalmaessing\/\" aria-label=\"More on Tandemsprung Thalm\u00e4ssing\">Read more<\/a><\/p>","protected":false},"author":1,"featured_media":0,"parent":1231,"menu_order":0,"comment_status":"closed","ping_status":"closed","template":"","meta":{"footnotes":""},"class_list":["post-3427","page","type-page","status-publish"],"yoast_head":"<!-- This site is optimized with the Yoast SEO plugin v27.3 - https:\/\/yoast.com\/product\/yoast-seo-wordpress\/ -->\n<title>\u25b7 Tandemsprung Thalm\u00e4ssing \u2764\ufe0f die besten Anbieter 2026<\/title>\n<meta name=\"description\" content=\"\u25b7 Tandemsprung Thalm\u00e4ssing \u2b50 alle Infos &amp; Preise 2026 \u2b50 die besten Anbieter \u2b50 Top-Gutscheine \u27a4 Jetzt Fallschirmsprung in Thalm\u00e4ssing buchen!\" \/>\n<meta name=\"robots\" content=\"index, follow, max-snippet:-1, max-image-preview:large, max-video-preview:-1\" \/>\n<link rel=\"canonical\" href=\"https:\/\/dein-fallschirmsprung.de\/en\/deutschland\/bayern\/thalmaessing\/\" \/>\n<meta property=\"og:locale\" content=\"en_GB\" \/>\n<meta property=\"og:type\" content=\"article\" \/>\n<meta property=\"og:title\" content=\"\u25b7 Tandemsprung Thalm\u00e4ssing \u2764\ufe0f die besten Anbieter 2026\" \/>\n<meta property=\"og:description\" content=\"\u25b7 Tandemsprung Thalm\u00e4ssing \u2b50 alle Infos &amp; Preise 2026 \u2b50 die besten Anbieter \u2b50 Top-Gutscheine \u27a4 Jetzt Fallschirmsprung in Thalm\u00e4ssing buchen!\" \/>\n<meta property=\"og:url\" content=\"https:\/\/dein-fallschirmsprung.de\/en\/deutschland\/bayern\/thalmaessing\/\" \/>\n<meta property=\"og:site_name\" content=\"Dein-Fallschirmsprung.de\" \/>\n<meta property=\"article:modified_time\" content=\"2022-08-24T13:22:53+00:00\" \/>\n<meta property=\"og:image\" content=\"https:\/\/dein-fallschirmsprung.de\/wp-content\/uploads\/2022\/03\/fallschirmsprung-tandemsprung-3.jpg\" \/>\n<meta name=\"twitter:card\" content=\"summary_large_image\" \/>\n<meta name=\"twitter:label1\" content=\"Estimated reading time\" \/>\n\t<meta name=\"twitter:data1\" content=\"5 minutes\" \/>\n<script type=\"application\/ld+json\" class=\"yoast-schema-graph\">{\"@context\":\"https:\\\/\\\/schema.org\",\"@graph\":[{\"@type\":[\"WebPage\",\"FAQPage\"],\"@id\":\"https:\\\/\\\/dein-fallschirmsprung.de\\\/deutschland\\\/bayern\\\/thalmaessing\\\/\",\"url\":\"https:\\\/\\\/dein-fallschirmsprung.de\\\/deutschland\\\/bayern\\\/thalmaessing\\\/\",\"name\":\"\u25b7 Tandemsprung Thalm\u00e4ssing \u2764\ufe0f die besten Anbieter 2026\",\"isPartOf\":{\"@id\":\"https:\\\/\\\/dein-fallschirmsprung.de\\\/#website\"},\"primaryImageOfPage\":{\"@id\":\"https:\\\/\\\/dein-fallschirmsprung.de\\\/deutschland\\\/bayern\\\/thalmaessing\\\/#primaryimage\"},\"image\":{\"@id\":\"https:\\\/\\\/dein-fallschirmsprung.de\\\/deutschland\\\/bayern\\\/thalmaessing\\\/#primaryimage\"},\"thumbnailUrl\":\"https:\\\/\\\/dein-fallschirmsprung.de\\\/wp-content\\\/uploads\\\/2022\\\/03\\\/fallschirmsprung-tandemsprung-3.jpg\",\"datePublished\":\"2022-08-18T12:20:37+00:00\",\"dateModified\":\"2022-08-24T13:22:53+00:00\",\"description\":\"\u25b7 Tandemsprung Thalm\u00e4ssing \u2b50 alle Infos & Preise 2026 \u2b50 die besten Anbieter \u2b50 Top-Gutscheine \u27a4 Jetzt Fallschirmsprung in Thalm\u00e4ssing buchen!\",\"breadcrumb\":{\"@id\":\"https:\\\/\\\/dein-fallschirmsprung.de\\\/deutschland\\\/bayern\\\/thalmaessing\\\/#breadcrumb\"},\"mainEntity\":[{\"@id\":\"https:\\\/\\\/dein-fallschirmsprung.de\\\/deutschland\\\/bayern\\\/thalmaessing\\\/#faq-question-1661345476571\"},{\"@id\":\"https:\\\/\\\/dein-fallschirmsprung.de\\\/deutschland\\\/bayern\\\/thalmaessing\\\/#faq-question-1661346032855\"}],\"inLanguage\":\"en-GB\",\"potentialAction\":[{\"@type\":\"ReadAction\",\"target\":[\"https:\\\/\\\/dein-fallschirmsprung.de\\\/deutschland\\\/bayern\\\/thalmaessing\\\/\"]}]},{\"@type\":\"ImageObject\",\"inLanguage\":\"en-GB\",\"@id\":\"https:\\\/\\\/dein-fallschirmsprung.de\\\/deutschland\\\/bayern\\\/thalmaessing\\\/#primaryimage\",\"url\":\"https:\\\/\\\/dein-fallschirmsprung.de\\\/wp-content\\\/uploads\\\/2022\\\/03\\\/fallschirmsprung-tandemsprung-3.jpg\",\"contentUrl\":\"https:\\\/\\\/dein-fallschirmsprung.de\\\/wp-content\\\/uploads\\\/2022\\\/03\\\/fallschirmsprung-tandemsprung-3.jpg\"},{\"@type\":\"BreadcrumbList\",\"@id\":\"https:\\\/\\\/dein-fallschirmsprung.de\\\/deutschland\\\/bayern\\\/thalmaessing\\\/#breadcrumb\",\"itemListElement\":[{\"@type\":\"ListItem\",\"position\":1,\"name\":\"Fallschirmsprung Deutschland\",\"item\":\"https:\\\/\\\/dein-fallschirmsprung.de\\\/deutschland\\\/\"},{\"@type\":\"ListItem\",\"position\":2,\"name\":\"Fallschirmsprung Bayern\",\"item\":\"https:\\\/\\\/dein-fallschirmsprung.de\\\/deutschland\\\/bayern\\\/\"},{\"@type\":\"ListItem\",\"position\":3,\"name\":\"Tandemsprung Thalm\u00e4ssing\"}]},{\"@type\":\"WebSite\",\"@id\":\"https:\\\/\\\/dein-fallschirmsprung.de\\\/#website\",\"url\":\"https:\\\/\\\/dein-fallschirmsprung.de\\\/\",\"name\":\"Dein-Fallschirmsprung.de\",\"description\":\"Fallschirmspringen in deiner N\u00e4he!\",\"publisher\":{\"@id\":\"https:\\\/\\\/dein-fallschirmsprung.de\\\/#organization\"},\"potentialAction\":[{\"@type\":\"SearchAction\",\"target\":{\"@type\":\"EntryPoint\",\"urlTemplate\":\"https:\\\/\\\/dein-fallschirmsprung.de\\\/?s={search_term_string}\"},\"query-input\":{\"@type\":\"PropertyValueSpecification\",\"valueRequired\":true,\"valueName\":\"search_term_string\"}}],\"inLanguage\":\"en-GB\"},{\"@type\":\"Organization\",\"@id\":\"https:\\\/\\\/dein-fallschirmsprung.de\\\/#organization\",\"name\":\"Dein-Fallschirmsprung.de\",\"url\":\"https:\\\/\\\/dein-fallschirmsprung.de\\\/\",\"logo\":{\"@type\":\"ImageObject\",\"inLanguage\":\"en-GB\",\"@id\":\"https:\\\/\\\/dein-fallschirmsprung.de\\\/#\\\/schema\\\/logo\\\/image\\\/\",\"url\":\"https:\\\/\\\/dein-fallschirmsprung.de\\\/wp-content\\\/uploads\\\/2023\\\/03\\\/skydiving.png\",\"contentUrl\":\"https:\\\/\\\/dein-fallschirmsprung.de\\\/wp-content\\\/uploads\\\/2023\\\/03\\\/skydiving.png\",\"width\":512,\"height\":512,\"caption\":\"Dein-Fallschirmsprung.de\"},\"image\":{\"@id\":\"https:\\\/\\\/dein-fallschirmsprung.de\\\/#\\\/schema\\\/logo\\\/image\\\/\"}},{\"@type\":\"Question\",\"@id\":\"https:\\\/\\\/dein-fallschirmsprung.de\\\/deutschland\\\/bayern\\\/thalmaessing\\\/#faq-question-1661345476571\",\"position\":1,\"url\":\"https:\\\/\\\/dein-fallschirmsprung.de\\\/deutschland\\\/bayern\\\/thalmaessing\\\/#faq-question-1661345476571\",\"name\":\"Was kostet ein Fallschirmsprung in Thalm\u00e4ssing?\",\"answerCount\":1,\"acceptedAnswer\":{\"@type\":\"Answer\",\"text\":\"Ein Fallschirmsprung in Thalm\u00e4ssing kostet ca. 220 Euro.\",\"inLanguage\":\"en-GB\"},\"inLanguage\":\"en-GB\"},{\"@type\":\"Question\",\"@id\":\"https:\\\/\\\/dein-fallschirmsprung.de\\\/deutschland\\\/bayern\\\/thalmaessing\\\/#faq-question-1661346032855\",\"position\":2,\"url\":\"https:\\\/\\\/dein-fallschirmsprung.de\\\/deutschland\\\/bayern\\\/thalmaessing\\\/#faq-question-1661346032855\",\"name\":\"Wie lange dauert ein Fallschirmsprung in Thalm\u00e4ssing?\",\"answerCount\":1,\"acceptedAnswer\":{\"@type\":\"Answer\",\"text\":\"Der freie Fall aus 4000 Metern dauert ca. 50-60 Sekunden.\",\"inLanguage\":\"en-GB\"},\"inLanguage\":\"en-GB\"}]}<\/script>\n<!-- \/ Yoast SEO plugin. -->","yoast_head_json":{"title":"\u25b7 Tandemsprung Thalm\u00e4ssing \u2764\ufe0f die besten Anbieter 2026","description":"\u25b7 Tandemsprung Thalm\u00e4ssing \u2b50 alle Infos & Preise 2026 \u2b50 die besten Anbieter \u2b50 Top-Gutscheine \u27a4 Jetzt Fallschirmsprung in Thalm\u00e4ssing buchen!","robots":{"index":"index","follow":"follow","max-snippet":"max-snippet:-1","max-image-preview":"max-image-preview:large","max-video-preview":"max-video-preview:-1"},"canonical":"https:\/\/dein-fallschirmsprung.de\/en\/deutschland\/bayern\/thalmaessing\/","og_locale":"en_GB","og_type":"article","og_title":"\u25b7 Tandemsprung Thalm\u00e4ssing \u2764\ufe0f die besten Anbieter 2026","og_description":"\u25b7 Tandemsprung Thalm\u00e4ssing \u2b50 alle Infos & Preise 2026 \u2b50 die besten Anbieter \u2b50 Top-Gutscheine \u27a4 Jetzt Fallschirmsprung in Thalm\u00e4ssing buchen!","og_url":"https:\/\/dein-fallschirmsprung.de\/en\/deutschland\/bayern\/thalmaessing\/","og_site_name":"Dein-Fallschirmsprung.de","article_modified_time":"2022-08-24T13:22:53+00:00","og_image":[{"url":"https:\/\/dein-fallschirmsprung.de\/wp-content\/uploads\/2022\/03\/fallschirmsprung-tandemsprung-3.jpg","type":"","width":"","height":""}],"twitter_card":"summary_large_image","twitter_misc":{"Estimated reading time":"5 minutes"},"schema":{"@context":"https:\/\/schema.org","@graph":[{"@type":["WebPage","FAQPage"],"@id":"https:\/\/dein-fallschirmsprung.de\/deutschland\/bayern\/thalmaessing\/","url":"https:\/\/dein-fallschirmsprung.de\/deutschland\/bayern\/thalmaessing\/","name":"\u25b7 Tandemsprung Thalm\u00e4ssing \u2764\ufe0f die besten Anbieter 2026","isPartOf":{"@id":"https:\/\/dein-fallschirmsprung.de\/#website"},"primaryImageOfPage":{"@id":"https:\/\/dein-fallschirmsprung.de\/deutschland\/bayern\/thalmaessing\/#primaryimage"},"image":{"@id":"https:\/\/dein-fallschirmsprung.de\/deutschland\/bayern\/thalmaessing\/#primaryimage"},"thumbnailUrl":"https:\/\/dein-fallschirmsprung.de\/wp-content\/uploads\/2022\/03\/fallschirmsprung-tandemsprung-3.jpg","datePublished":"2022-08-18T12:20:37+00:00","dateModified":"2022-08-24T13:22:53+00:00","description":"\u25b7 Tandemsprung Thalm\u00e4ssing \u2b50 alle Infos & Preise 2026 \u2b50 die besten Anbieter \u2b50 Top-Gutscheine \u27a4 Jetzt Fallschirmsprung in Thalm\u00e4ssing buchen!","breadcrumb":{"@id":"https:\/\/dein-fallschirmsprung.de\/deutschland\/bayern\/thalmaessing\/#breadcrumb"},"mainEntity":[{"@id":"https:\/\/dein-fallschirmsprung.de\/deutschland\/bayern\/thalmaessing\/#faq-question-1661345476571"},{"@id":"https:\/\/dein-fallschirmsprung.de\/deutschland\/bayern\/thalmaessing\/#faq-question-1661346032855"}],"inLanguage":"en-GB","potentialAction":[{"@type":"ReadAction","target":["https:\/\/dein-fallschirmsprung.de\/deutschland\/bayern\/thalmaessing\/"]}]},{"@type":"ImageObject","inLanguage":"en-GB","@id":"https:\/\/dein-fallschirmsprung.de\/deutschland\/bayern\/thalmaessing\/#primaryimage","url":"https:\/\/dein-fallschirmsprung.de\/wp-content\/uploads\/2022\/03\/fallschirmsprung-tandemsprung-3.jpg","contentUrl":"https:\/\/dein-fallschirmsprung.de\/wp-content\/uploads\/2022\/03\/fallschirmsprung-tandemsprung-3.jpg"},{"@type":"BreadcrumbList","@id":"https:\/\/dein-fallschirmsprung.de\/deutschland\/bayern\/thalmaessing\/#breadcrumb","itemListElement":[{"@type":"ListItem","position":1,"name":"Fallschirmsprung Deutschland","item":"https:\/\/dein-fallschirmsprung.de\/deutschland\/"},{"@type":"ListItem","position":2,"name":"Fallschirmsprung Bayern","item":"https:\/\/dein-fallschirmsprung.de\/deutschland\/bayern\/"},{"@type":"ListItem","position":3,"name":"Tandemsprung Thalm\u00e4ssing"}]},{"@type":"WebSite","@id":"https:\/\/dein-fallschirmsprung.de\/#website","url":"https:\/\/dein-fallschirmsprung.de\/","name":"Dein-Fallschirmsprung.de","description":"Fallschirmspringen in deiner N\u00e4he!","publisher":{"@id":"https:\/\/dein-fallschirmsprung.de\/#organization"},"potentialAction":[{"@type":"SearchAction","target":{"@type":"EntryPoint","urlTemplate":"https:\/\/dein-fallschirmsprung.de\/?s={search_term_string}"},"query-input":{"@type":"PropertyValueSpecification","valueRequired":true,"valueName":"search_term_string"}}],"inLanguage":"en-GB"},{"@type":"Organization","@id":"https:\/\/dein-fallschirmsprung.de\/#organization","name":"Dein-Fallschirmsprung.de","url":"https:\/\/dein-fallschirmsprung.de\/","logo":{"@type":"ImageObject","inLanguage":"en-GB","@id":"https:\/\/dein-fallschirmsprung.de\/#\/schema\/logo\/image\/","url":"https:\/\/dein-fallschirmsprung.de\/wp-content\/uploads\/2023\/03\/skydiving.png","contentUrl":"https:\/\/dein-fallschirmsprung.de\/wp-content\/uploads\/2023\/03\/skydiving.png","width":512,"height":512,"caption":"Dein-Fallschirmsprung.de"},"image":{"@id":"https:\/\/dein-fallschirmsprung.de\/#\/schema\/logo\/image\/"}},{"@type":"Question","@id":"https:\/\/dein-fallschirmsprung.de\/deutschland\/bayern\/thalmaessing\/#faq-question-1661345476571","position":1,"url":"https:\/\/dein-fallschirmsprung.de\/deutschland\/bayern\/thalmaessing\/#faq-question-1661345476571","name":"Was kostet ein Fallschirmsprung in Thalm\u00e4ssing?","answerCount":1,"acceptedAnswer":{"@type":"Answer","text":"Ein Fallschirmsprung in Thalm\u00e4ssing kostet ca. 220 Euro.","inLanguage":"en-GB"},"inLanguage":"en-GB"},{"@type":"Question","@id":"https:\/\/dein-fallschirmsprung.de\/deutschland\/bayern\/thalmaessing\/#faq-question-1661346032855","position":2,"url":"https:\/\/dein-fallschirmsprung.de\/deutschland\/bayern\/thalmaessing\/#faq-question-1661346032855","name":"Wie lange dauert ein Fallschirmsprung in Thalm\u00e4ssing?","answerCount":1,"acceptedAnswer":{"@type":"Answer","text":"Der freie Fall aus 4000 Metern dauert ca. 50-60 Sekunden.","inLanguage":"en-GB"},"inLanguage":"en-GB"}]}},"_links":{"self":[{"href":"https:\/\/dein-fallschirmsprung.de\/en\/wp-json\/wp\/v2\/pages\/3427","targetHints":{"allow":["GET"]}}],"collection":[{"href":"https:\/\/dein-fallschirmsprung.de\/en\/wp-json\/wp\/v2\/pages"}],"about":[{"href":"https:\/\/dein-fallschirmsprung.de\/en\/wp-json\/wp\/v2\/types\/page"}],"author":[{"embeddable":true,"href":"https:\/\/dein-fallschirmsprung.de\/en\/wp-json\/wp\/v2\/users\/1"}],"replies":[{"embeddable":true,"href":"https:\/\/dein-fallschirmsprung.de\/en\/wp-json\/wp\/v2\/comments?post=3427"}],"version-history":[{"count":47,"href":"https:\/\/dein-fallschirmsprung.de\/en\/wp-json\/wp\/v2\/pages\/3427\/revisions"}],"predecessor-version":[{"id":3850,"href":"https:\/\/dein-fallschirmsprung.de\/en\/wp-json\/wp\/v2\/pages\/3427\/revisions\/3850"}],"up":[{"embeddable":true,"href":"https:\/\/dein-fallschirmsprung.de\/en\/wp-json\/wp\/v2\/pages\/1231"}],"wp:attachment":[{"href":"https:\/\/dein-fallschirmsprung.de\/en\/wp-json\/wp\/v2\/media?parent=3427"}],"curies":[{"name":"wp","href":"https:\/\/api.w.org\/{rel}","templated":true}]}}