{"id":3423,"date":"2022-08-18T14:18:11","date_gmt":"2022-08-18T12:18:11","guid":{"rendered":"https:\/\/dein-fallschirmsprung.de\/?page_id=3423"},"modified":"2023-03-10T20:40:41","modified_gmt":"2023-03-10T19:40:41","slug":"tannheim","status":"publish","type":"page","link":"https:\/\/dein-fallschirmsprung.de\/en\/deutschland\/bayern\/tannheim\/","title":{"rendered":"Tandemsprung Tannheim"},"content":{"rendered":"<h1><span id=\"eins\">Tandemsprung<\/span>&nbsp;<span id=\"zwei\">Tannheim<\/span><\/h1>\n\n\n\n<p>Steht Fallschirmspringen schon l\u00e4nger auf deiner Bucket List? Dann wird es h\u00f6chste Zeit, dass du dir den Traum mit einem Tandemsprung in Tannheim (<a href=\"https:\/\/dein-fallschirmsprung.de\/en\/deutschland\/bayern\/\">Bayern<\/a>) endlich erf\u00fcllst. Auf dieser findest du alle Informationen zum Thema Fallschirmspringen in Tannheim  sowie die besten Anbieter und <a href=\"#gutscheine\">Gutscheine 2026<\/a>. Lass dich inspirieren und erlebe schon bald den Kick deines Lebens!<\/p>\n\n\n\n<figure class=\"wp-block-image size-full\"><img loading=\"lazy\" decoding=\"async\" width=\"1000\" height=\"563\" src=\"https:\/\/dein-fallschirmsprung.de\/wp-content\/uploads\/2022\/03\/fallschirmsprung-tandemsprung-2.jpg\" alt=\"Fallschirmsprung Tandemsprung\" class=\"wp-image-113\" srcset=\"https:\/\/dein-fallschirmsprung.de\/wp-content\/uploads\/2022\/03\/fallschirmsprung-tandemsprung-2.jpg 1000w, https:\/\/dein-fallschirmsprung.de\/wp-content\/uploads\/2022\/03\/fallschirmsprung-tandemsprung-2-300x169.jpg 300w, https:\/\/dein-fallschirmsprung.de\/wp-content\/uploads\/2022\/03\/fallschirmsprung-tandemsprung-2-768x432.jpg 768w\" sizes=\"auto, (max-width: 1000px) 100vw, 1000px\" \/><\/figure>\n\n\n\n\n\n<h2 class=\"wp-block-heading\">Tandemsprung Tannheim &#8211; der ultimative Adrenalin-Kick<\/h2>\n\n\n\n<p>Hey, du Abenteurer! Bist du bereit f\u00fcr den ultimativen Adrenalin-Kick? Dann solltest du unbedingt einen Tandemsprung in Tannheim wagen! Die atemberaubende Landschaft der Region wird dich sprachlos machen und das Adrenalin wird durch deine Adern pumpen, w\u00e4hrend du in die L\u00fcfte steigst. Du wirst die majest\u00e4tischen Alpen, saftige gr\u00fcne Wiesen und kristallklare Seen sehen, w\u00e4hrend du durch die Luft gleitest. Der Blick von oben wird dich v\u00f6llig umhauen und du wirst dich f\u00fchlen, als ob du auf Wolke 7 schwebst. Ein Tandemsprung in Tannheim ist das perfekte Abenteuer f\u00fcr alle, die ein bisschen Nervenkitzel suchen und sich dem ultimativen Adrenalinkick hingeben wollen. Also z\u00f6gere nicht l\u00e4nger und buche noch heute dein Abenteuer in Tannheim!<\/p>\n\n\n\n<h2 class=\"wp-block-heading\">So l\u00e4uft dein Fallschirmsprung in Tannheim ab<\/h2>\n\n\n\n<p>Jetzt, da du dich f\u00fcr einen Fallschirmsprung in Tannheim entschieden hast, willst du sicher wissen, wie das Abenteuer abl\u00e4uft. Zun\u00e4chst wirst du von deinem erfahrenen Tandemmaster mit allem ausgestattet, was du f\u00fcr den Sprung ben\u00f6tigst. Dann geht es los zum Flugzeug, das dich in die L\u00fcfte bef\u00f6rdert. W\u00e4hrend des Fluges hast du genug Zeit, um die atemberaubende Landschaft von Tannheim zu bewundern und dich auf den Sprung vorzubereiten. Wenn du endlich in 4.000 Metern H\u00f6he angekommen bist, wird dein Tandemmaster das Zeichen geben, dass es Zeit ist, den Sprung zu wagen. <\/p>\n\n\n\n<p>Dann geht es los &#8211; du springst aus dem Flugzeug und erlebst den absoluten Freiheitsrausch! Du wirst etwa 60 Sekunden lang mit einer Geschwindigkeit von 200 km\/h durch die Luft fallen, bevor dein Tandemmaster den Fallschirm \u00f6ffnet. Danach kannst du die wundersch\u00f6ne Landschaft von Tannheim aus einer v\u00f6llig neuen Perspektive genie\u00dfen, w\u00e4hrend du langsam und sicher zur Erde schwebst. Ein Fallschirmsprung in Tannheim ist das ultimative Abenteuer, das du niemals vergessen wirst!<\/p>\n\n\n\n<iframe loading=\"lazy\" src=\"https:\/\/www.google.com\/maps\/d\/u\/0\/embed?mid=1bJN38B81KaFHAq4Az1DHeMBTPJeSkLg&amp;ehbc=2E312F\" width=\"100%\" height=\"600\"><\/iframe>\n\n\n\n<div style=\"height:25px\" aria-hidden=\"true\" class=\"wp-block-spacer\"><\/div>\n\n\n\n<h2 class=\"wp-block-heading\">Tannheim bei Memmingen &#8211; der perfekte Ort zum Fallschirmspringen<\/h2>\n\n\n\n<p>Tannheim bei Memmingen ist ein idealer Ort f\u00fcr Fallschirmspringer. Der kleine Ort liegt in Bayern, nahe der \u00f6sterreichischen Grenze und bietet eine traumhafte Kulisse mit Blick auf die Allg\u00e4uer Alpen. Tannheim ist ein gem\u00fctlicher Ort mit einem historischen Ortskern und vielen traditionellen H\u00e4usern. In der Umgebung gibt es zahlreiche Aktivit\u00e4ten f\u00fcr Outdoor-Fans wie Wandern, Radfahren und Skifahren im Winter. Gr\u00f6\u00dfere St\u00e4dte wie Memmingen, Augsburg und Ulm sind alle in einer Fahrzeit von weniger als einer Stunde zu erreichen. Auch M\u00fcnchen ist nur etwa 2 Stunden entfernt. Die Anreise nach Tannheim ist einfach und unkompliziert mit dem Auto oder \u00f6ffentlichen Verkehrsmitteln m\u00f6glich.<\/p>\n\n\n\n<h2 class=\"wp-block-heading\">Was kostet ein Fallschirmsprung in Tannheim?<\/h2>\n\n\n\n<p>Die Kosten f\u00fcr einen Fallschirmsprung in Tannheim k\u00f6nnen je nach Anbieter und gew\u00e4hltem Paket variieren. In der Regel liegen die Preise f\u00fcr einen Tandemsprung in Tannheim <strong>zwischen 200 und 300 Euro<\/strong>. Manche Anbieter bieten auch verschiedene Pakete an, die zus\u00e4tzliche Leistungen wie beispielsweise Fotos und Videos vom Sprung beinhalten. Diese Pakete k\u00f6nnen etwas teurer sein. Es lohnt sich jedoch, verschiedene Anbieter zu vergleichen und sich \u00fcber deren Leistungen und Preise zu informieren, um das beste Angebot f\u00fcr sich zu finden.<\/p>\n\n\n\n<h2 class=\"wp-block-heading\">Gutschein f\u00fcr einen Tandemsprung in Tannheim<\/h2>\n\n\n\n<p>Wenn du nach einem besonderen Geschenk f\u00fcr einen Abenteurer suchst, dann ist ein Gutschein f\u00fcr einen Tandemsprung in Tannheim bei Memmingen eine gro\u00dfartige Wahl. Ein Erlebnisgutschein hat viele Vorteile &#8211; zum Beispiel kann der Beschenkte den Termin f\u00fcr den Sprung selbst w\u00e4hlen und sich auf das Erlebnis vorbereiten. Au\u00dferdem kann er oder sie den Sprung mit einem Freund oder einem Familienmitglied teilen und das Abenteuer gemeinsam genie\u00dfen.<\/p>\n\n\n\n<p>Ein Tandemsprung-Gutschein in Tannheim eignet sich f\u00fcr jeden Anlass &#8211; egal ob Hochzeit, Geburtstag, Weihnachten, Ostern oder einfach so. Es ist ein Geschenk, das garantiert f\u00fcr Aufregung sorgen wird und das dem Beschenkten unvergessliche Erinnerungen beschert. Der Gutschein kann online oder direkt vor Ort gekauft werden und ist in der Regel ein Jahr lang g\u00fcltig, so dass der Beschenkte ausreichend Zeit hat, um den Sprung zu planen und sich darauf vorzubereiten.<\/p>\n\n\n\n<h2 class=\"wp-block-heading\" id=\"gutscheine\"><strong>Die besten Gutscheine im April 2026<\/strong><\/h2>\n\n\n<div class=\"atkp-container atkp-bestseller-box  atkp-template-bestseller\">\n                        <div class=\"atkp-box atkp-clearfix\"\n                 style=\"\">\n                <div class=\"atkp-predicateheadline atkp-predicate-highlight\">\n                    <span><\/span><\/div>\n                <div class=\"atkp-ribbon\"><span>#1<\/span><\/div>\n                <div class=\"atkp-thumb\">\n                                            <a href=\"https:\/\/www.awin1.com\/pclick.php?p=24654060235&a=514839&m=14087\" rel=\"sponsored nofollow noopener\" target=\"_blank\"  title=\"Gutschein ansehen\"><img decoding=\"async\" class=\"atkp-image\"\n                                                                             src=\"https:\/\/media.mydays.com\/de\/gallery\/ABF7DED4-F5DC-4872-950D-EF207161E338\/fallschirm-tandemsprung-tannheim.jpg\"\n                                                                             alt=\"Fallschirm-Tandemsprung Tannheim\"\/><\/a>\n                                                                                        <div class=\"atkp-shoplogo\"><img decoding=\"async\" src=\"https:\/\/dein-fallschirmsprung.de\/wp-content\/uploads\/2022\/03\/mydays.jpg\" alt=\"mydays\" style=\"max-height:50px;max-width:140px\" \/><\/div>\n                                    <\/div>\n                <div class=\"atkp-content\">\n                                            <a class=\"atkp-title\" href=\"https:\/\/www.awin1.com\/pclick.php?p=24654060235&a=514839&m=14087\" rel=\"sponsored nofollow noopener\" target=\"_blank\"  title=\"Gutschein ansehen\">Fallschirm-Tandemsprung Tannheim*<\/a>\n                                        <div class=\"atkp-author\">by mydays<\/div>\n\n                    <div class=\"atkp-description\"><p>Mit atemberaubender Geschwindigkeit geht es im freien Fall Richtung Erde. Danach gleitest Du sanft und sicher wie ein Vogel dem Boden entgegen. Genie\u00dfe diesen einzigartigen Fallschirm-Tandemsprung mit seiner ganzen Faszination!\/?utm_term=!!!linkid!!!<\/p>\n\n                                                    <div class=\"atkp-procontra\">\n                                                                                            <\/div>\n                                            <\/div>\n                <\/div>\n                <div class=\"atkp-bottom\">\n                                            <span class=\"atkp-price atkp-listprice\"><\/span>\n                                                                <span class=\"atkp-price atkp-savedamount\"><\/span>\n                                                                <span class=\"atkp-price atkp-saleprice\">\n                            &nbsp;Price not available\n                                                            <span class=\"atkp_price atkp-baseprice\"><\/span>\n                                                    <\/span>\n                    \n\n\n                                            <a href=\"https:\/\/www.awin1.com\/pclick.php?p=24654060235&a=514839&m=14087\" rel=\"sponsored nofollow noopener\" target=\"_blank\"  title=\"Gutschein ansehen\" class=\"atkp-button\">Gutschein ansehen*<\/a>\n                                        \n                                            <span class=\"atkp-priceinfo\">Preis inkl. MwSt., zzgl. Versandkosten<\/span>\n                                    <\/div>\n            <\/div>\n                            <span class=\"atkp-disclaimer\">Zuletzt aktualisiert am 9. July 2023 um 11:54 . Wir weisen darauf hin, dass sich hier angezeigte Preise inzwischen ge\u00e4ndert haben k\u00f6nnen. Alle Angaben ohne Gew\u00e4hr.<\/span>\n            <\/div>","protected":false},"excerpt":{"rendered":"<p>Tandemsprung&nbsp;Tannheim Steht Fallschirmspringen schon l\u00e4nger auf deiner Bucket List? Dann wird es h\u00f6chste Zeit, dass du dir den Traum mit einem Tandemsprung in Tannheim (Bayern) endlich erf\u00fcllst. Auf dieser findest du alle Informationen zum Thema Fallschirmspringen in Tannheim sowie die besten Anbieter und Gutscheine 2026. Lass dich inspirieren und erlebe schon bald den Kick deines &#8230; <a title=\"Tandemsprung Tannheim\" class=\"read-more\" href=\"https:\/\/dein-fallschirmsprung.de\/en\/deutschland\/bayern\/tannheim\/\" aria-label=\"More on Tandemsprung Tannheim\">Read more<\/a><\/p>","protected":false},"author":1,"featured_media":0,"parent":1231,"menu_order":0,"comment_status":"closed","ping_status":"closed","template":"","meta":{"footnotes":""},"class_list":["post-3423","page","type-page","status-publish"],"yoast_head":"<!-- This site is optimized with the Yoast SEO plugin v27.3 - https:\/\/yoast.com\/product\/yoast-seo-wordpress\/ -->\n<title>\u25b7 Tandemsprung Tannheim (Bayern) - Die besten Anbieter 2026<\/title>\n<meta name=\"description\" content=\"\u25b7 Tandemsprung Tannheim \u2b50 Preise &amp; Infos \u2b50 Die besten Anbieter 2026 \u2b50 Top-Gutscheine \u27a4 Jetzt informieren und springen!\" \/>\n<meta name=\"robots\" content=\"index, follow, max-snippet:-1, max-image-preview:large, max-video-preview:-1\" \/>\n<link rel=\"canonical\" href=\"https:\/\/dein-fallschirmsprung.de\/en\/deutschland\/bayern\/tannheim\/\" \/>\n<meta property=\"og:locale\" content=\"en_GB\" \/>\n<meta property=\"og:type\" content=\"article\" \/>\n<meta property=\"og:title\" content=\"\u25b7 Tandemsprung Tannheim (Bayern) - Die besten Anbieter 2026\" \/>\n<meta property=\"og:description\" content=\"\u25b7 Tandemsprung Tannheim \u2b50 Preise &amp; Infos \u2b50 Die besten Anbieter 2026 \u2b50 Top-Gutscheine \u27a4 Jetzt informieren und springen!\" \/>\n<meta property=\"og:url\" content=\"https:\/\/dein-fallschirmsprung.de\/en\/deutschland\/bayern\/tannheim\/\" \/>\n<meta property=\"og:site_name\" content=\"Dein-Fallschirmsprung.de\" \/>\n<meta property=\"article:modified_time\" content=\"2023-03-10T19:40:41+00:00\" \/>\n<meta property=\"og:image\" content=\"https:\/\/dein-fallschirmsprung.de\/wp-content\/uploads\/2022\/03\/fallschirmsprung-tandemsprung-2.jpg\" \/>\n<meta name=\"twitter:card\" content=\"summary_large_image\" \/>\n<meta name=\"twitter:label1\" content=\"Estimated reading time\" \/>\n\t<meta name=\"twitter:data1\" content=\"5 minutes\" \/>\n<script type=\"application\/ld+json\" class=\"yoast-schema-graph\">{\"@context\":\"https:\\\/\\\/schema.org\",\"@graph\":[{\"@type\":\"WebPage\",\"@id\":\"https:\\\/\\\/dein-fallschirmsprung.de\\\/deutschland\\\/bayern\\\/tannheim\\\/\",\"url\":\"https:\\\/\\\/dein-fallschirmsprung.de\\\/deutschland\\\/bayern\\\/tannheim\\\/\",\"name\":\"\u25b7 Tandemsprung Tannheim (Bayern) - Die besten Anbieter 2026\",\"isPartOf\":{\"@id\":\"https:\\\/\\\/dein-fallschirmsprung.de\\\/#website\"},\"primaryImageOfPage\":{\"@id\":\"https:\\\/\\\/dein-fallschirmsprung.de\\\/deutschland\\\/bayern\\\/tannheim\\\/#primaryimage\"},\"image\":{\"@id\":\"https:\\\/\\\/dein-fallschirmsprung.de\\\/deutschland\\\/bayern\\\/tannheim\\\/#primaryimage\"},\"thumbnailUrl\":\"https:\\\/\\\/dein-fallschirmsprung.de\\\/wp-content\\\/uploads\\\/2022\\\/03\\\/fallschirmsprung-tandemsprung-2.jpg\",\"datePublished\":\"2022-08-18T12:18:11+00:00\",\"dateModified\":\"2023-03-10T19:40:41+00:00\",\"description\":\"\u25b7 Tandemsprung Tannheim \u2b50 Preise & Infos \u2b50 Die besten Anbieter 2026 \u2b50 Top-Gutscheine \u27a4 Jetzt informieren und springen!\",\"breadcrumb\":{\"@id\":\"https:\\\/\\\/dein-fallschirmsprung.de\\\/deutschland\\\/bayern\\\/tannheim\\\/#breadcrumb\"},\"inLanguage\":\"en-GB\",\"potentialAction\":[{\"@type\":\"ReadAction\",\"target\":[\"https:\\\/\\\/dein-fallschirmsprung.de\\\/deutschland\\\/bayern\\\/tannheim\\\/\"]}]},{\"@type\":\"ImageObject\",\"inLanguage\":\"en-GB\",\"@id\":\"https:\\\/\\\/dein-fallschirmsprung.de\\\/deutschland\\\/bayern\\\/tannheim\\\/#primaryimage\",\"url\":\"https:\\\/\\\/dein-fallschirmsprung.de\\\/wp-content\\\/uploads\\\/2022\\\/03\\\/fallschirmsprung-tandemsprung-2.jpg\",\"contentUrl\":\"https:\\\/\\\/dein-fallschirmsprung.de\\\/wp-content\\\/uploads\\\/2022\\\/03\\\/fallschirmsprung-tandemsprung-2.jpg\"},{\"@type\":\"BreadcrumbList\",\"@id\":\"https:\\\/\\\/dein-fallschirmsprung.de\\\/deutschland\\\/bayern\\\/tannheim\\\/#breadcrumb\",\"itemListElement\":[{\"@type\":\"ListItem\",\"position\":1,\"name\":\"Fallschirmsprung Deutschland\",\"item\":\"https:\\\/\\\/dein-fallschirmsprung.de\\\/deutschland\\\/\"},{\"@type\":\"ListItem\",\"position\":2,\"name\":\"Fallschirmsprung Bayern\",\"item\":\"https:\\\/\\\/dein-fallschirmsprung.de\\\/deutschland\\\/bayern\\\/\"},{\"@type\":\"ListItem\",\"position\":3,\"name\":\"Tandemsprung Tannheim\"}]},{\"@type\":\"WebSite\",\"@id\":\"https:\\\/\\\/dein-fallschirmsprung.de\\\/#website\",\"url\":\"https:\\\/\\\/dein-fallschirmsprung.de\\\/\",\"name\":\"Dein-Fallschirmsprung.de\",\"description\":\"Fallschirmspringen in deiner N\u00e4he!\",\"publisher\":{\"@id\":\"https:\\\/\\\/dein-fallschirmsprung.de\\\/#organization\"},\"potentialAction\":[{\"@type\":\"SearchAction\",\"target\":{\"@type\":\"EntryPoint\",\"urlTemplate\":\"https:\\\/\\\/dein-fallschirmsprung.de\\\/?s={search_term_string}\"},\"query-input\":{\"@type\":\"PropertyValueSpecification\",\"valueRequired\":true,\"valueName\":\"search_term_string\"}}],\"inLanguage\":\"en-GB\"},{\"@type\":\"Organization\",\"@id\":\"https:\\\/\\\/dein-fallschirmsprung.de\\\/#organization\",\"name\":\"Dein-Fallschirmsprung.de\",\"url\":\"https:\\\/\\\/dein-fallschirmsprung.de\\\/\",\"logo\":{\"@type\":\"ImageObject\",\"inLanguage\":\"en-GB\",\"@id\":\"https:\\\/\\\/dein-fallschirmsprung.de\\\/#\\\/schema\\\/logo\\\/image\\\/\",\"url\":\"https:\\\/\\\/dein-fallschirmsprung.de\\\/wp-content\\\/uploads\\\/2023\\\/03\\\/skydiving.png\",\"contentUrl\":\"https:\\\/\\\/dein-fallschirmsprung.de\\\/wp-content\\\/uploads\\\/2023\\\/03\\\/skydiving.png\",\"width\":512,\"height\":512,\"caption\":\"Dein-Fallschirmsprung.de\"},\"image\":{\"@id\":\"https:\\\/\\\/dein-fallschirmsprung.de\\\/#\\\/schema\\\/logo\\\/image\\\/\"}}]}<\/script>\n<!-- \/ Yoast SEO plugin. -->","yoast_head_json":{"title":"\u25b7 Tandemsprung Tannheim (Bayern) - Die besten Anbieter 2026","description":"\u25b7 Tandemsprung Tannheim \u2b50 Preise & Infos \u2b50 Die besten Anbieter 2026 \u2b50 Top-Gutscheine \u27a4 Jetzt informieren und springen!","robots":{"index":"index","follow":"follow","max-snippet":"max-snippet:-1","max-image-preview":"max-image-preview:large","max-video-preview":"max-video-preview:-1"},"canonical":"https:\/\/dein-fallschirmsprung.de\/en\/deutschland\/bayern\/tannheim\/","og_locale":"en_GB","og_type":"article","og_title":"\u25b7 Tandemsprung Tannheim (Bayern) - Die besten Anbieter 2026","og_description":"\u25b7 Tandemsprung Tannheim \u2b50 Preise & Infos \u2b50 Die besten Anbieter 2026 \u2b50 Top-Gutscheine \u27a4 Jetzt informieren und springen!","og_url":"https:\/\/dein-fallschirmsprung.de\/en\/deutschland\/bayern\/tannheim\/","og_site_name":"Dein-Fallschirmsprung.de","article_modified_time":"2023-03-10T19:40:41+00:00","og_image":[{"url":"https:\/\/dein-fallschirmsprung.de\/wp-content\/uploads\/2022\/03\/fallschirmsprung-tandemsprung-2.jpg","type":"","width":"","height":""}],"twitter_card":"summary_large_image","twitter_misc":{"Estimated reading time":"5 minutes"},"schema":{"@context":"https:\/\/schema.org","@graph":[{"@type":"WebPage","@id":"https:\/\/dein-fallschirmsprung.de\/deutschland\/bayern\/tannheim\/","url":"https:\/\/dein-fallschirmsprung.de\/deutschland\/bayern\/tannheim\/","name":"\u25b7 Tandemsprung Tannheim (Bayern) - Die besten Anbieter 2026","isPartOf":{"@id":"https:\/\/dein-fallschirmsprung.de\/#website"},"primaryImageOfPage":{"@id":"https:\/\/dein-fallschirmsprung.de\/deutschland\/bayern\/tannheim\/#primaryimage"},"image":{"@id":"https:\/\/dein-fallschirmsprung.de\/deutschland\/bayern\/tannheim\/#primaryimage"},"thumbnailUrl":"https:\/\/dein-fallschirmsprung.de\/wp-content\/uploads\/2022\/03\/fallschirmsprung-tandemsprung-2.jpg","datePublished":"2022-08-18T12:18:11+00:00","dateModified":"2023-03-10T19:40:41+00:00","description":"\u25b7 Tandemsprung Tannheim \u2b50 Preise & Infos \u2b50 Die besten Anbieter 2026 \u2b50 Top-Gutscheine \u27a4 Jetzt informieren und springen!","breadcrumb":{"@id":"https:\/\/dein-fallschirmsprung.de\/deutschland\/bayern\/tannheim\/#breadcrumb"},"inLanguage":"en-GB","potentialAction":[{"@type":"ReadAction","target":["https:\/\/dein-fallschirmsprung.de\/deutschland\/bayern\/tannheim\/"]}]},{"@type":"ImageObject","inLanguage":"en-GB","@id":"https:\/\/dein-fallschirmsprung.de\/deutschland\/bayern\/tannheim\/#primaryimage","url":"https:\/\/dein-fallschirmsprung.de\/wp-content\/uploads\/2022\/03\/fallschirmsprung-tandemsprung-2.jpg","contentUrl":"https:\/\/dein-fallschirmsprung.de\/wp-content\/uploads\/2022\/03\/fallschirmsprung-tandemsprung-2.jpg"},{"@type":"BreadcrumbList","@id":"https:\/\/dein-fallschirmsprung.de\/deutschland\/bayern\/tannheim\/#breadcrumb","itemListElement":[{"@type":"ListItem","position":1,"name":"Fallschirmsprung Deutschland","item":"https:\/\/dein-fallschirmsprung.de\/deutschland\/"},{"@type":"ListItem","position":2,"name":"Fallschirmsprung Bayern","item":"https:\/\/dein-fallschirmsprung.de\/deutschland\/bayern\/"},{"@type":"ListItem","position":3,"name":"Tandemsprung Tannheim"}]},{"@type":"WebSite","@id":"https:\/\/dein-fallschirmsprung.de\/#website","url":"https:\/\/dein-fallschirmsprung.de\/","name":"Dein-Fallschirmsprung.de","description":"Fallschirmspringen in deiner N\u00e4he!","publisher":{"@id":"https:\/\/dein-fallschirmsprung.de\/#organization"},"potentialAction":[{"@type":"SearchAction","target":{"@type":"EntryPoint","urlTemplate":"https:\/\/dein-fallschirmsprung.de\/?s={search_term_string}"},"query-input":{"@type":"PropertyValueSpecification","valueRequired":true,"valueName":"search_term_string"}}],"inLanguage":"en-GB"},{"@type":"Organization","@id":"https:\/\/dein-fallschirmsprung.de\/#organization","name":"Dein-Fallschirmsprung.de","url":"https:\/\/dein-fallschirmsprung.de\/","logo":{"@type":"ImageObject","inLanguage":"en-GB","@id":"https:\/\/dein-fallschirmsprung.de\/#\/schema\/logo\/image\/","url":"https:\/\/dein-fallschirmsprung.de\/wp-content\/uploads\/2023\/03\/skydiving.png","contentUrl":"https:\/\/dein-fallschirmsprung.de\/wp-content\/uploads\/2023\/03\/skydiving.png","width":512,"height":512,"caption":"Dein-Fallschirmsprung.de"},"image":{"@id":"https:\/\/dein-fallschirmsprung.de\/#\/schema\/logo\/image\/"}}]}},"_links":{"self":[{"href":"https:\/\/dein-fallschirmsprung.de\/en\/wp-json\/wp\/v2\/pages\/3423","targetHints":{"allow":["GET"]}}],"collection":[{"href":"https:\/\/dein-fallschirmsprung.de\/en\/wp-json\/wp\/v2\/pages"}],"about":[{"href":"https:\/\/dein-fallschirmsprung.de\/en\/wp-json\/wp\/v2\/types\/page"}],"author":[{"embeddable":true,"href":"https:\/\/dein-fallschirmsprung.de\/en\/wp-json\/wp\/v2\/users\/1"}],"replies":[{"embeddable":true,"href":"https:\/\/dein-fallschirmsprung.de\/en\/wp-json\/wp\/v2\/comments?post=3423"}],"version-history":[{"count":12,"href":"https:\/\/dein-fallschirmsprung.de\/en\/wp-json\/wp\/v2\/pages\/3423\/revisions"}],"predecessor-version":[{"id":4611,"href":"https:\/\/dein-fallschirmsprung.de\/en\/wp-json\/wp\/v2\/pages\/3423\/revisions\/4611"}],"up":[{"embeddable":true,"href":"https:\/\/dein-fallschirmsprung.de\/en\/wp-json\/wp\/v2\/pages\/1231"}],"wp:attachment":[{"href":"https:\/\/dein-fallschirmsprung.de\/en\/wp-json\/wp\/v2\/media?parent=3423"}],"curies":[{"name":"wp","href":"https:\/\/api.w.org\/{rel}","templated":true}]}}