{"id":3362,"date":"2022-08-17T16:03:26","date_gmt":"2022-08-17T14:03:26","guid":{"rendered":"https:\/\/dein-fallschirmsprung.de\/?page_id=3362"},"modified":"2023-12-16T18:35:19","modified_gmt":"2023-12-16T17:35:19","slug":"sicherheit","status":"publish","type":"page","link":"https:\/\/dein-fallschirmsprung.de\/en\/sicherheit\/","title":{"rendered":"Sicherheit"},"content":{"rendered":"<h1><span id=\"eins\">Fallschirmsprung<\/span>&nbsp;<span id=\"zwei\">Sicherheit<\/span><\/h1>\n\n\n\n<h2 class=\"wp-block-heading\">Wie sicher ist Fallschirmspringen?<\/h2>\n\n\n\n<p>Fallschirmspringen ist eine extrem sichere Sportart. Statistiken zeigen, dass die Wahrscheinlichkeit, beim Fallschirmspringen zu sterben, weitaus niedriger ist als die Wahrscheinlichkeit, bei einem Autounfall ums Leben zu kommen. Nat\u00fcrlich gibt es immer ein gewisses Risiko bei jeder Art von Extrem-Sport \u2013 aber generell gilt: Je besser man ausger\u00fcstet und vorbereitet ist, desto sicherer ist man. <\/p>\n\n\n\n<p>Fallschirmspringer m\u00fcssen regelm\u00e4\u00dfig ihre Ausr\u00fcstung \u00fcberpr\u00fcfen lassen und sorgf\u00e4ltig planen, bevor sie springen. Wenn alles gut geplant und vorbereitet ist, ist das Risiko minimal. Und auch wenn doch etwas schiefgehen sollte, haben professionelle Fallschirmspringer meistens einen Notfallplan. Alles in allem ist Fallschirmspringen also eine relativ sichere Sportart \u2013 solange man sich an die Regeln h\u00e4lt und vorsichtig ist.<\/p>\n\n\n\n<figure class=\"wp-block-pullquote has-medium-font-size\"><blockquote><p>Anzahl aller Fallschirmspr\u00fcnge in Deutschland in 2020: 240.923, darunter 35.469 Tandemspr\u00fcnge<\/p><cite>Deutscher Fallschirmsport Verband e.V.*<\/cite><\/blockquote><\/figure>\n\n\n\n<figure class=\"wp-block-pullquote has-medium-font-size\"><blockquote><p>T\u00f6dliche Unf\u00e4lle in 2020: 1 bei 240.923 Fallschirmspr\u00fcngen in Deutschland<\/p><cite>Deutscher Fallschirmsport Verband e.V.*<\/cite><\/blockquote><\/figure>\n\n\n\n<figure class=\"wp-block-pullquote has-medium-font-size\"><blockquote><p>Nur 0,0004% aller Fallschirmspr\u00fcnge in Deutschland enden t\u00f6dlich<\/p><cite>Deutscher Fallschirmsport Verband e.V.*<\/cite><\/blockquote><\/figure>\n\n\n\n<figure class=\"wp-block-image size-large is-resized\"><img loading=\"lazy\" decoding=\"async\" width=\"1024\" height=\"753\" src=\"https:\/\/dein-fallschirmsprung.de\/wp-content\/uploads\/2022\/10\/fallschirmsprung-statistik-1024x753.png\" alt=\"\" class=\"wp-image-4123\" style=\"width:1024px;height:753px\" srcset=\"https:\/\/dein-fallschirmsprung.de\/wp-content\/uploads\/2022\/10\/fallschirmsprung-statistik-1024x753.png 1024w, https:\/\/dein-fallschirmsprung.de\/wp-content\/uploads\/2022\/10\/fallschirmsprung-statistik-300x221.png 300w, https:\/\/dein-fallschirmsprung.de\/wp-content\/uploads\/2022\/10\/fallschirmsprung-statistik-768x565.png 768w, https:\/\/dein-fallschirmsprung.de\/wp-content\/uploads\/2022\/10\/fallschirmsprung-statistik-1536x1130.png 1536w, https:\/\/dein-fallschirmsprung.de\/wp-content\/uploads\/2022\/10\/fallschirmsprung-statistik-2048x1507.png 2048w\" sizes=\"auto, (max-width: 1024px) 100vw, 1024px\" \/><figcaption class=\"wp-element-caption\">Fallschirmsprung Sicherheit: Unf\u00e4lle im Jahr 2020 in Deutschland, Daten von: DFV e.V.*<\/figcaption><\/figure>\n\n\n\n<div style=\"height:50px\" aria-hidden=\"true\" class=\"wp-block-spacer\"><\/div>\n\n\n\n<h2 class=\"wp-block-heading\">H\u00e4ufig gestellte Fragen<\/h2>\n\n\n\n<div class=\"schema-faq wp-block-yoast-faq-block\"><div class=\"schema-faq-section\" id=\"faq-question-1665484687352\"><strong class=\"schema-faq-question\">Wie sicher ist ein Fallschirmsprung?<\/strong> <p class=\"schema-faq-answer\">Fallschirmspringen ist eine sehr sichere Sportart. Laut der aktuellen Unfallstatistik des Deutschen Fallschirmsport Verbandes (DFV e.V.)* gab es im Jahr 2020 bei insgesamt 240.923 Spr\u00fcngen nur einen t\u00f6dlichen Unfall. Damit lag das Risiko, bei einem Tandemsprung zu sterben, bei gerade einmal 0,0004 Prozent.<\/p> <\/div> <div class=\"schema-faq-section\" id=\"faq-question-1665485071901\"><strong class=\"schema-faq-question\">Wie hoch ist die Wahrscheinlichkeit, dass der Fallschirm nicht aufgeht?<\/strong> <p class=\"schema-faq-answer\">Ein normales Sportfallschirmsystem besteht aus einem Haupt- und einem Reservefallschirm. Die Wahrscheinlichkeit, dass der Hauptschirm nicht oder nicht richtig \u00f6ffnet, liegt laut Statistik des Deutschen Fallschirmsport Verbandes (DFV e.V.)* bei etwa 0,0008 Prozent. So wurde im Jahr 2020 bei insgesamt 240.923 Spr\u00fcngen in Deutschland 200 Mal der Reserveschirm aktiviert. Die Wahrscheinlichkeit, dass beide Fallschirme nicht \u00f6ffnen, ist verschwindend gering.<\/p> <\/div> <div class=\"schema-faq-section\" id=\"faq-question-1665485154827\"><strong class=\"schema-faq-question\">Was passiert, wenn der Fallschirm sich nicht \u00f6ffnet?<\/strong> <p class=\"schema-faq-answer\">Ein typisches Sportfallschirmsystem besteht aus einem Haupt- und einem Reservefallschirm sowie einem \u00d6ffnungsautomaten. Der Hauptfallschirm wird normalerweise zuerst ge\u00f6ffnet, aber falls er sich nicht oder nicht richtig \u00f6ffnen sollte, kann man ihn abtrennen und den Reservefallschirm ziehen. Sollte man selbst nicht mehr in der Lage sein, den Fallschirm zu \u00f6ffnen (z.\u00a0B. aufgrund von Bewusstlosigkeit), wird der \u00d6ffnungsautomat aktiviert, der in einer festgelegten H\u00f6he automatisch den Reservefallschirm zieht. Die Wahrscheinlichkeit, dass beide Fallschirme nicht aufgehen, ist verschwindend gering.<\/p> <\/div> <div class=\"schema-faq-section\" id=\"faq-question-1665485083013\"><strong class=\"schema-faq-question\">Kann man beim Fallschirmspringen ohnm\u00e4chtig werden?<\/strong> <p class=\"schema-faq-answer\">Fallschirmspringen ist eine extrem aufregende Erfahrung und f\u00fcr viele Menschen ist es der H\u00f6hepunkt ihres Lebens. Allerdings kann das Adrenalin, das beim Sprung freigesetzt wird, auch zu Ohnmachtsanf\u00e4llen f\u00fchren. Aus diesem Grund m\u00fcssen Springer vor dem Sprung gr\u00fcndlich \u00fcberpr\u00fcft werden, um sicherzustellen, dass sie keine Vorerkrankungen haben, die zu Ohnmachtsanf\u00e4llen f\u00fchren k\u00f6nnten.<\/p> <\/div> <div class=\"schema-faq-section\" id=\"faq-question-1665485163559\"><strong class=\"schema-faq-question\">Was kann alles beim Fallschirmspringen schiefgehen?<\/strong> <p class=\"schema-faq-answer\">Fallschirm\u00f6ffnung verl\u00e4uft nicht nach Plan, Ohnmacht, Verletzung im freien Fall (normalerweise beim Springen mit anderen Personen, bei hohen Geschwindigkeiten und versehentlichem Ansto\u00dfen), Verletzung bei der Landung.<\/p> <\/div> <\/div>\n\n\n\n<div style=\"height:100px\" aria-hidden=\"true\" class=\"wp-block-spacer\"><\/div>\n\n\n\n<div class=\"wp-block-group has-base-2-background-color has-background\"><div class=\"wp-block-group__inner-container is-layout-flow wp-block-group-is-layout-flow\">\n<p>Weitere Informationen zum Thema \u201eSicherheit beim Fallschirmspringen\u201c findest du auf der Webseite des Deutschen Fallschirmsport Verbandes: <a href=\"https:\/\/www.dfv.aero\/Sicher\" target=\"_blank\" rel=\"noreferrer noopener\">https:\/\/www.dfv.aero\/Sicher<\/a><\/p>\n\n\n\n<p>*Quelle: INSiTA_2021_-_Zahlen-Statistik-Unfall-Situation_neu (<a href=\"https:\/\/www.dfv.aero\/downloads\/INSiTA_2021_-_Zahlen-Statistik-Unfall-Situation_neu.pdf\">https:\/\/www.dfv.aero\/downloads\/INSiTA_2021_-_Zahlen-Statistik-Unfall-Situation_neu.pdf<\/a>).<\/p>\n<\/div><\/div>","protected":false},"excerpt":{"rendered":"<p>Fallschirmsprung&nbsp;Sicherheit Wie sicher ist Fallschirmspringen? Fallschirmspringen ist eine extrem sichere Sportart. Statistiken zeigen, dass die Wahrscheinlichkeit, beim Fallschirmspringen zu sterben, weitaus niedriger ist als die Wahrscheinlichkeit, bei einem Autounfall ums Leben zu kommen. Nat\u00fcrlich gibt es immer ein gewisses Risiko bei jeder Art von Extrem-Sport \u2013 aber generell gilt: Je besser man ausger\u00fcstet und vorbereitet &#8230; <a title=\"Sicherheit\" class=\"read-more\" href=\"https:\/\/dein-fallschirmsprung.de\/en\/sicherheit\/\" aria-label=\"More on Sicherheit\">Read more<\/a><\/p>","protected":false},"author":1,"featured_media":113,"parent":0,"menu_order":0,"comment_status":"closed","ping_status":"closed","template":"","meta":{"footnotes":""},"class_list":["post-3362","page","type-page","status-publish","has-post-thumbnail"],"yoast_head":"<!-- This site is optimized with the Yoast SEO plugin v27.3 - https:\/\/yoast.com\/product\/yoast-seo-wordpress\/ -->\n<title>Wie sicher ist Fallschirmspringen?<\/title>\n<meta name=\"description\" content=\"Wie sicher ist Fallschirmspringen? Hier bekommst du alle wichtigen Informationen zum Thema Sicherheit beim Fallschirmspringen.\" \/>\n<meta name=\"robots\" content=\"index, follow, max-snippet:-1, max-image-preview:large, max-video-preview:-1\" \/>\n<link rel=\"canonical\" href=\"https:\/\/dein-fallschirmsprung.de\/en\/sicherheit\/\" \/>\n<meta property=\"og:locale\" content=\"en_GB\" \/>\n<meta property=\"og:type\" content=\"article\" \/>\n<meta property=\"og:title\" content=\"Wie sicher ist Fallschirmspringen?\" \/>\n<meta property=\"og:description\" content=\"Wie sicher ist Fallschirmspringen? Hier bekommst du alle wichtigen Informationen zum Thema Sicherheit beim Fallschirmspringen.\" \/>\n<meta property=\"og:url\" content=\"https:\/\/dein-fallschirmsprung.de\/en\/sicherheit\/\" \/>\n<meta property=\"og:site_name\" content=\"Dein-Fallschirmsprung.de\" \/>\n<meta property=\"article:modified_time\" content=\"2023-12-16T17:35:19+00:00\" \/>\n<meta property=\"og:image\" content=\"https:\/\/dein-fallschirmsprung.de\/wp-content\/uploads\/2022\/03\/fallschirmsprung-tandemsprung-2.jpg\" \/>\n\t<meta property=\"og:image:width\" content=\"1000\" \/>\n\t<meta property=\"og:image:height\" content=\"563\" \/>\n\t<meta property=\"og:image:type\" content=\"image\/jpeg\" \/>\n<meta name=\"twitter:card\" content=\"summary_large_image\" \/>\n<meta name=\"twitter:label1\" content=\"Estimated reading time\" \/>\n\t<meta name=\"twitter:data1\" content=\"3 minutes\" \/>\n<script type=\"application\/ld+json\" class=\"yoast-schema-graph\">{\"@context\":\"https:\\\/\\\/schema.org\",\"@graph\":[{\"@type\":[\"WebPage\",\"FAQPage\"],\"@id\":\"https:\\\/\\\/dein-fallschirmsprung.de\\\/sicherheit\\\/\",\"url\":\"https:\\\/\\\/dein-fallschirmsprung.de\\\/sicherheit\\\/\",\"name\":\"Wie sicher ist Fallschirmspringen?\",\"isPartOf\":{\"@id\":\"https:\\\/\\\/dein-fallschirmsprung.de\\\/#website\"},\"primaryImageOfPage\":{\"@id\":\"https:\\\/\\\/dein-fallschirmsprung.de\\\/sicherheit\\\/#primaryimage\"},\"image\":{\"@id\":\"https:\\\/\\\/dein-fallschirmsprung.de\\\/sicherheit\\\/#primaryimage\"},\"thumbnailUrl\":\"https:\\\/\\\/dein-fallschirmsprung.de\\\/wp-content\\\/uploads\\\/2022\\\/03\\\/fallschirmsprung-tandemsprung-2.jpg\",\"datePublished\":\"2022-08-17T14:03:26+00:00\",\"dateModified\":\"2023-12-16T17:35:19+00:00\",\"description\":\"Wie sicher ist Fallschirmspringen? Hier bekommst du alle wichtigen Informationen zum Thema Sicherheit beim Fallschirmspringen.\",\"mainEntity\":[{\"@id\":\"https:\\\/\\\/dein-fallschirmsprung.de\\\/sicherheit\\\/#faq-question-1665484687352\"},{\"@id\":\"https:\\\/\\\/dein-fallschirmsprung.de\\\/sicherheit\\\/#faq-question-1665485071901\"},{\"@id\":\"https:\\\/\\\/dein-fallschirmsprung.de\\\/sicherheit\\\/#faq-question-1665485154827\"},{\"@id\":\"https:\\\/\\\/dein-fallschirmsprung.de\\\/sicherheit\\\/#faq-question-1665485083013\"},{\"@id\":\"https:\\\/\\\/dein-fallschirmsprung.de\\\/sicherheit\\\/#faq-question-1665485163559\"}],\"inLanguage\":\"en-GB\",\"potentialAction\":[{\"@type\":\"ReadAction\",\"target\":[\"https:\\\/\\\/dein-fallschirmsprung.de\\\/sicherheit\\\/\"]}]},{\"@type\":\"ImageObject\",\"inLanguage\":\"en-GB\",\"@id\":\"https:\\\/\\\/dein-fallschirmsprung.de\\\/sicherheit\\\/#primaryimage\",\"url\":\"https:\\\/\\\/dein-fallschirmsprung.de\\\/wp-content\\\/uploads\\\/2022\\\/03\\\/fallschirmsprung-tandemsprung-2.jpg\",\"contentUrl\":\"https:\\\/\\\/dein-fallschirmsprung.de\\\/wp-content\\\/uploads\\\/2022\\\/03\\\/fallschirmsprung-tandemsprung-2.jpg\",\"width\":1000,\"height\":563,\"caption\":\"Fallschirmsprung Tandemsprung\"},{\"@type\":\"WebSite\",\"@id\":\"https:\\\/\\\/dein-fallschirmsprung.de\\\/#website\",\"url\":\"https:\\\/\\\/dein-fallschirmsprung.de\\\/\",\"name\":\"Dein-Fallschirmsprung.de\",\"description\":\"Fallschirmspringen in deiner N\u00e4he!\",\"publisher\":{\"@id\":\"https:\\\/\\\/dein-fallschirmsprung.de\\\/#organization\"},\"potentialAction\":[{\"@type\":\"SearchAction\",\"target\":{\"@type\":\"EntryPoint\",\"urlTemplate\":\"https:\\\/\\\/dein-fallschirmsprung.de\\\/?s={search_term_string}\"},\"query-input\":{\"@type\":\"PropertyValueSpecification\",\"valueRequired\":true,\"valueName\":\"search_term_string\"}}],\"inLanguage\":\"en-GB\"},{\"@type\":\"Organization\",\"@id\":\"https:\\\/\\\/dein-fallschirmsprung.de\\\/#organization\",\"name\":\"Dein-Fallschirmsprung.de\",\"url\":\"https:\\\/\\\/dein-fallschirmsprung.de\\\/\",\"logo\":{\"@type\":\"ImageObject\",\"inLanguage\":\"en-GB\",\"@id\":\"https:\\\/\\\/dein-fallschirmsprung.de\\\/#\\\/schema\\\/logo\\\/image\\\/\",\"url\":\"https:\\\/\\\/dein-fallschirmsprung.de\\\/wp-content\\\/uploads\\\/2023\\\/03\\\/skydiving.png\",\"contentUrl\":\"https:\\\/\\\/dein-fallschirmsprung.de\\\/wp-content\\\/uploads\\\/2023\\\/03\\\/skydiving.png\",\"width\":512,\"height\":512,\"caption\":\"Dein-Fallschirmsprung.de\"},\"image\":{\"@id\":\"https:\\\/\\\/dein-fallschirmsprung.de\\\/#\\\/schema\\\/logo\\\/image\\\/\"}},{\"@type\":\"Question\",\"@id\":\"https:\\\/\\\/dein-fallschirmsprung.de\\\/sicherheit\\\/#faq-question-1665484687352\",\"position\":1,\"url\":\"https:\\\/\\\/dein-fallschirmsprung.de\\\/sicherheit\\\/#faq-question-1665484687352\",\"name\":\"Wie sicher ist ein Fallschirmsprung?\",\"answerCount\":1,\"acceptedAnswer\":{\"@type\":\"Answer\",\"text\":\"Fallschirmspringen ist eine sehr sichere Sportart. Laut der aktuellen Unfallstatistik des Deutschen Fallschirmsport Verbandes (DFV e.V.)* gab es im Jahr 2020 bei insgesamt 240.923 Spr\u00fcngen nur einen t\u00f6dlichen Unfall. Damit lag das Risiko, bei einem Tandemsprung zu sterben, bei gerade einmal 0,0004 Prozent.\",\"inLanguage\":\"en-GB\"},\"inLanguage\":\"en-GB\"},{\"@type\":\"Question\",\"@id\":\"https:\\\/\\\/dein-fallschirmsprung.de\\\/sicherheit\\\/#faq-question-1665485071901\",\"position\":2,\"url\":\"https:\\\/\\\/dein-fallschirmsprung.de\\\/sicherheit\\\/#faq-question-1665485071901\",\"name\":\"Wie hoch ist die Wahrscheinlichkeit, dass der Fallschirm nicht aufgeht?\",\"answerCount\":1,\"acceptedAnswer\":{\"@type\":\"Answer\",\"text\":\"Ein normales Sportfallschirmsystem besteht aus einem Haupt- und einem Reservefallschirm. Die Wahrscheinlichkeit, dass der Hauptschirm nicht oder nicht richtig \u00f6ffnet, liegt laut Statistik des Deutschen Fallschirmsport Verbandes (DFV e.V.)* bei etwa 0,0008 Prozent. So wurde im Jahr 2020 bei insgesamt 240.923 Spr\u00fcngen in Deutschland 200 Mal der Reserveschirm aktiviert. Die Wahrscheinlichkeit, dass beide Fallschirme nicht \u00f6ffnen, ist verschwindend gering.\",\"inLanguage\":\"en-GB\"},\"inLanguage\":\"en-GB\"},{\"@type\":\"Question\",\"@id\":\"https:\\\/\\\/dein-fallschirmsprung.de\\\/sicherheit\\\/#faq-question-1665485154827\",\"position\":3,\"url\":\"https:\\\/\\\/dein-fallschirmsprung.de\\\/sicherheit\\\/#faq-question-1665485154827\",\"name\":\"Was passiert, wenn der Fallschirm sich nicht \u00f6ffnet?\",\"answerCount\":1,\"acceptedAnswer\":{\"@type\":\"Answer\",\"text\":\"Ein typisches Sportfallschirmsystem besteht aus einem Haupt- und einem Reservefallschirm sowie einem \u00d6ffnungsautomaten. Der Hauptfallschirm wird normalerweise zuerst ge\u00f6ffnet, aber falls er sich nicht oder nicht richtig \u00f6ffnen sollte, kann man ihn abtrennen und den Reservefallschirm ziehen. Sollte man selbst nicht mehr in der Lage sein, den Fallschirm zu \u00f6ffnen (z.\u00a0B. aufgrund von Bewusstlosigkeit), wird der \u00d6ffnungsautomat aktiviert, der in einer festgelegten H\u00f6he automatisch den Reservefallschirm zieht. Die Wahrscheinlichkeit, dass beide Fallschirme nicht aufgehen, ist verschwindend gering.\",\"inLanguage\":\"en-GB\"},\"inLanguage\":\"en-GB\"},{\"@type\":\"Question\",\"@id\":\"https:\\\/\\\/dein-fallschirmsprung.de\\\/sicherheit\\\/#faq-question-1665485083013\",\"position\":4,\"url\":\"https:\\\/\\\/dein-fallschirmsprung.de\\\/sicherheit\\\/#faq-question-1665485083013\",\"name\":\"Kann man beim Fallschirmspringen ohnm\u00e4chtig werden?\",\"answerCount\":1,\"acceptedAnswer\":{\"@type\":\"Answer\",\"text\":\"Fallschirmspringen ist eine extrem aufregende Erfahrung und f\u00fcr viele Menschen ist es der H\u00f6hepunkt ihres Lebens. Allerdings kann das Adrenalin, das beim Sprung freigesetzt wird, auch zu Ohnmachtsanf\u00e4llen f\u00fchren. Aus diesem Grund m\u00fcssen Springer vor dem Sprung gr\u00fcndlich \u00fcberpr\u00fcft werden, um sicherzustellen, dass sie keine Vorerkrankungen haben, die zu Ohnmachtsanf\u00e4llen f\u00fchren k\u00f6nnten.\",\"inLanguage\":\"en-GB\"},\"inLanguage\":\"en-GB\"},{\"@type\":\"Question\",\"@id\":\"https:\\\/\\\/dein-fallschirmsprung.de\\\/sicherheit\\\/#faq-question-1665485163559\",\"position\":5,\"url\":\"https:\\\/\\\/dein-fallschirmsprung.de\\\/sicherheit\\\/#faq-question-1665485163559\",\"name\":\"Was kann alles beim Fallschirmspringen schiefgehen?\",\"answerCount\":1,\"acceptedAnswer\":{\"@type\":\"Answer\",\"text\":\"Fallschirm\u00f6ffnung verl\u00e4uft nicht nach Plan, Ohnmacht, Verletzung im freien Fall (normalerweise beim Springen mit anderen Personen, bei hohen Geschwindigkeiten und versehentlichem Ansto\u00dfen), Verletzung bei der Landung.\",\"inLanguage\":\"en-GB\"},\"inLanguage\":\"en-GB\"}]}<\/script>\n<!-- \/ Yoast SEO plugin. -->","yoast_head_json":{"title":"Wie sicher ist Fallschirmspringen?","description":"Wie sicher ist Fallschirmspringen? Hier bekommst du alle wichtigen Informationen zum Thema Sicherheit beim Fallschirmspringen.","robots":{"index":"index","follow":"follow","max-snippet":"max-snippet:-1","max-image-preview":"max-image-preview:large","max-video-preview":"max-video-preview:-1"},"canonical":"https:\/\/dein-fallschirmsprung.de\/en\/sicherheit\/","og_locale":"en_GB","og_type":"article","og_title":"Wie sicher ist Fallschirmspringen?","og_description":"Wie sicher ist Fallschirmspringen? Hier bekommst du alle wichtigen Informationen zum Thema Sicherheit beim Fallschirmspringen.","og_url":"https:\/\/dein-fallschirmsprung.de\/en\/sicherheit\/","og_site_name":"Dein-Fallschirmsprung.de","article_modified_time":"2023-12-16T17:35:19+00:00","og_image":[{"width":1000,"height":563,"url":"https:\/\/dein-fallschirmsprung.de\/wp-content\/uploads\/2022\/03\/fallschirmsprung-tandemsprung-2.jpg","type":"image\/jpeg"}],"twitter_card":"summary_large_image","twitter_misc":{"Estimated reading time":"3 minutes"},"schema":{"@context":"https:\/\/schema.org","@graph":[{"@type":["WebPage","FAQPage"],"@id":"https:\/\/dein-fallschirmsprung.de\/sicherheit\/","url":"https:\/\/dein-fallschirmsprung.de\/sicherheit\/","name":"Wie sicher ist Fallschirmspringen?","isPartOf":{"@id":"https:\/\/dein-fallschirmsprung.de\/#website"},"primaryImageOfPage":{"@id":"https:\/\/dein-fallschirmsprung.de\/sicherheit\/#primaryimage"},"image":{"@id":"https:\/\/dein-fallschirmsprung.de\/sicherheit\/#primaryimage"},"thumbnailUrl":"https:\/\/dein-fallschirmsprung.de\/wp-content\/uploads\/2022\/03\/fallschirmsprung-tandemsprung-2.jpg","datePublished":"2022-08-17T14:03:26+00:00","dateModified":"2023-12-16T17:35:19+00:00","description":"Wie sicher ist Fallschirmspringen? Hier bekommst du alle wichtigen Informationen zum Thema Sicherheit beim Fallschirmspringen.","mainEntity":[{"@id":"https:\/\/dein-fallschirmsprung.de\/sicherheit\/#faq-question-1665484687352"},{"@id":"https:\/\/dein-fallschirmsprung.de\/sicherheit\/#faq-question-1665485071901"},{"@id":"https:\/\/dein-fallschirmsprung.de\/sicherheit\/#faq-question-1665485154827"},{"@id":"https:\/\/dein-fallschirmsprung.de\/sicherheit\/#faq-question-1665485083013"},{"@id":"https:\/\/dein-fallschirmsprung.de\/sicherheit\/#faq-question-1665485163559"}],"inLanguage":"en-GB","potentialAction":[{"@type":"ReadAction","target":["https:\/\/dein-fallschirmsprung.de\/sicherheit\/"]}]},{"@type":"ImageObject","inLanguage":"en-GB","@id":"https:\/\/dein-fallschirmsprung.de\/sicherheit\/#primaryimage","url":"https:\/\/dein-fallschirmsprung.de\/wp-content\/uploads\/2022\/03\/fallschirmsprung-tandemsprung-2.jpg","contentUrl":"https:\/\/dein-fallschirmsprung.de\/wp-content\/uploads\/2022\/03\/fallschirmsprung-tandemsprung-2.jpg","width":1000,"height":563,"caption":"Fallschirmsprung Tandemsprung"},{"@type":"WebSite","@id":"https:\/\/dein-fallschirmsprung.de\/#website","url":"https:\/\/dein-fallschirmsprung.de\/","name":"Dein-Fallschirmsprung.de","description":"Fallschirmspringen in deiner N\u00e4he!","publisher":{"@id":"https:\/\/dein-fallschirmsprung.de\/#organization"},"potentialAction":[{"@type":"SearchAction","target":{"@type":"EntryPoint","urlTemplate":"https:\/\/dein-fallschirmsprung.de\/?s={search_term_string}"},"query-input":{"@type":"PropertyValueSpecification","valueRequired":true,"valueName":"search_term_string"}}],"inLanguage":"en-GB"},{"@type":"Organization","@id":"https:\/\/dein-fallschirmsprung.de\/#organization","name":"Dein-Fallschirmsprung.de","url":"https:\/\/dein-fallschirmsprung.de\/","logo":{"@type":"ImageObject","inLanguage":"en-GB","@id":"https:\/\/dein-fallschirmsprung.de\/#\/schema\/logo\/image\/","url":"https:\/\/dein-fallschirmsprung.de\/wp-content\/uploads\/2023\/03\/skydiving.png","contentUrl":"https:\/\/dein-fallschirmsprung.de\/wp-content\/uploads\/2023\/03\/skydiving.png","width":512,"height":512,"caption":"Dein-Fallschirmsprung.de"},"image":{"@id":"https:\/\/dein-fallschirmsprung.de\/#\/schema\/logo\/image\/"}},{"@type":"Question","@id":"https:\/\/dein-fallschirmsprung.de\/sicherheit\/#faq-question-1665484687352","position":1,"url":"https:\/\/dein-fallschirmsprung.de\/sicherheit\/#faq-question-1665484687352","name":"Wie sicher ist ein Fallschirmsprung?","answerCount":1,"acceptedAnswer":{"@type":"Answer","text":"Fallschirmspringen ist eine sehr sichere Sportart. Laut der aktuellen Unfallstatistik des Deutschen Fallschirmsport Verbandes (DFV e.V.)* gab es im Jahr 2020 bei insgesamt 240.923 Spr\u00fcngen nur einen t\u00f6dlichen Unfall. Damit lag das Risiko, bei einem Tandemsprung zu sterben, bei gerade einmal 0,0004 Prozent.","inLanguage":"en-GB"},"inLanguage":"en-GB"},{"@type":"Question","@id":"https:\/\/dein-fallschirmsprung.de\/sicherheit\/#faq-question-1665485071901","position":2,"url":"https:\/\/dein-fallschirmsprung.de\/sicherheit\/#faq-question-1665485071901","name":"Wie hoch ist die Wahrscheinlichkeit, dass der Fallschirm nicht aufgeht?","answerCount":1,"acceptedAnswer":{"@type":"Answer","text":"Ein normales Sportfallschirmsystem besteht aus einem Haupt- und einem Reservefallschirm. Die Wahrscheinlichkeit, dass der Hauptschirm nicht oder nicht richtig \u00f6ffnet, liegt laut Statistik des Deutschen Fallschirmsport Verbandes (DFV e.V.)* bei etwa 0,0008 Prozent. So wurde im Jahr 2020 bei insgesamt 240.923 Spr\u00fcngen in Deutschland 200 Mal der Reserveschirm aktiviert. Die Wahrscheinlichkeit, dass beide Fallschirme nicht \u00f6ffnen, ist verschwindend gering.","inLanguage":"en-GB"},"inLanguage":"en-GB"},{"@type":"Question","@id":"https:\/\/dein-fallschirmsprung.de\/sicherheit\/#faq-question-1665485154827","position":3,"url":"https:\/\/dein-fallschirmsprung.de\/sicherheit\/#faq-question-1665485154827","name":"Was passiert, wenn der Fallschirm sich nicht \u00f6ffnet?","answerCount":1,"acceptedAnswer":{"@type":"Answer","text":"Ein typisches Sportfallschirmsystem besteht aus einem Haupt- und einem Reservefallschirm sowie einem \u00d6ffnungsautomaten. Der Hauptfallschirm wird normalerweise zuerst ge\u00f6ffnet, aber falls er sich nicht oder nicht richtig \u00f6ffnen sollte, kann man ihn abtrennen und den Reservefallschirm ziehen. Sollte man selbst nicht mehr in der Lage sein, den Fallschirm zu \u00f6ffnen (z.\u00a0B. aufgrund von Bewusstlosigkeit), wird der \u00d6ffnungsautomat aktiviert, der in einer festgelegten H\u00f6he automatisch den Reservefallschirm zieht. Die Wahrscheinlichkeit, dass beide Fallschirme nicht aufgehen, ist verschwindend gering.","inLanguage":"en-GB"},"inLanguage":"en-GB"},{"@type":"Question","@id":"https:\/\/dein-fallschirmsprung.de\/sicherheit\/#faq-question-1665485083013","position":4,"url":"https:\/\/dein-fallschirmsprung.de\/sicherheit\/#faq-question-1665485083013","name":"Kann man beim Fallschirmspringen ohnm\u00e4chtig werden?","answerCount":1,"acceptedAnswer":{"@type":"Answer","text":"Fallschirmspringen ist eine extrem aufregende Erfahrung und f\u00fcr viele Menschen ist es der H\u00f6hepunkt ihres Lebens. Allerdings kann das Adrenalin, das beim Sprung freigesetzt wird, auch zu Ohnmachtsanf\u00e4llen f\u00fchren. Aus diesem Grund m\u00fcssen Springer vor dem Sprung gr\u00fcndlich \u00fcberpr\u00fcft werden, um sicherzustellen, dass sie keine Vorerkrankungen haben, die zu Ohnmachtsanf\u00e4llen f\u00fchren k\u00f6nnten.","inLanguage":"en-GB"},"inLanguage":"en-GB"},{"@type":"Question","@id":"https:\/\/dein-fallschirmsprung.de\/sicherheit\/#faq-question-1665485163559","position":5,"url":"https:\/\/dein-fallschirmsprung.de\/sicherheit\/#faq-question-1665485163559","name":"Was kann alles beim Fallschirmspringen schiefgehen?","answerCount":1,"acceptedAnswer":{"@type":"Answer","text":"Fallschirm\u00f6ffnung verl\u00e4uft nicht nach Plan, Ohnmacht, Verletzung im freien Fall (normalerweise beim Springen mit anderen Personen, bei hohen Geschwindigkeiten und versehentlichem Ansto\u00dfen), Verletzung bei der Landung.","inLanguage":"en-GB"},"inLanguage":"en-GB"}]}},"_links":{"self":[{"href":"https:\/\/dein-fallschirmsprung.de\/en\/wp-json\/wp\/v2\/pages\/3362","targetHints":{"allow":["GET"]}}],"collection":[{"href":"https:\/\/dein-fallschirmsprung.de\/en\/wp-json\/wp\/v2\/pages"}],"about":[{"href":"https:\/\/dein-fallschirmsprung.de\/en\/wp-json\/wp\/v2\/types\/page"}],"author":[{"embeddable":true,"href":"https:\/\/dein-fallschirmsprung.de\/en\/wp-json\/wp\/v2\/users\/1"}],"replies":[{"embeddable":true,"href":"https:\/\/dein-fallschirmsprung.de\/en\/wp-json\/wp\/v2\/comments?post=3362"}],"version-history":[{"count":40,"href":"https:\/\/dein-fallschirmsprung.de\/en\/wp-json\/wp\/v2\/pages\/3362\/revisions"}],"predecessor-version":[{"id":5099,"href":"https:\/\/dein-fallschirmsprung.de\/en\/wp-json\/wp\/v2\/pages\/3362\/revisions\/5099"}],"wp:featuredmedia":[{"embeddable":true,"href":"https:\/\/dein-fallschirmsprung.de\/en\/wp-json\/wp\/v2\/media\/113"}],"wp:attachment":[{"href":"https:\/\/dein-fallschirmsprung.de\/en\/wp-json\/wp\/v2\/media?parent=3362"}],"curies":[{"name":"wp","href":"https:\/\/api.w.org\/{rel}","templated":true}]}}