{"id":127,"date":"2022-03-19T04:56:51","date_gmt":"2022-03-19T03:56:51","guid":{"rendered":"https:\/\/dein-fallschirmsprung.de\/?page_id=127"},"modified":"2023-11-29T09:17:49","modified_gmt":"2023-11-29T08:17:49","slug":"preise","status":"publish","type":"page","link":"https:\/\/dein-fallschirmsprung.de\/en\/preise\/","title":{"rendered":"Fallschirmsprung Preise"},"content":{"rendered":"<h1><span id=\"eins\">Fallschirmsprung<\/span>&nbsp;<span id=\"zwei\">Preise<\/span><\/h1>\n\n\n\n<p>Du fragst dich: <strong>Wie viel kostet ein Fallschirmsprung?<\/strong> Dann bist du hier genau richtig. Denn auf dieser Seite haben wir f\u00fcr dich die aktuellen Preise f\u00fcr einen Tandemsprung im April 2026 aufgelistet.<\/p>\n\n\n\n<h2 class=\"wp-block-heading\">Aktuelle Preise im April 2026:<\/h2>\n\n\n\n<figure class=\"wp-block-table is-style-regular\" style=\"font-size:18px\"><table class=\"has-background\" style=\"background-color:#dff3ff\"><thead><tr><th class=\"has-text-align-center\" data-align=\"center\"><strong>Sprungart<\/strong><\/th><th class=\"has-text-align-center\" data-align=\"center\">Sprungh\u00f6he (Meter)<\/th><th class=\"has-text-align-center\" data-align=\"center\">Freifall (Sekunden)<\/th><th class=\"has-text-align-center\" data-align=\"center\">Jochen Schweizer<\/th><th class=\"has-text-align-center\" data-align=\"center\">Mydays<\/th><\/tr><\/thead><tbody><tr><td class=\"has-text-align-center\" data-align=\"center\"><a href=\"https:\/\/dein-fallschirmsprung.de\/en\/fallschirmsprung-4000-meter\/\">Tandemsprung 4000m<\/a><\/td><td class=\"has-text-align-center\" data-align=\"center\">3000-4000 <\/td><td class=\"has-text-align-center\" data-align=\"center\">30-60 sek.<\/td><td class=\"has-text-align-center\" data-align=\"center\"><a class=\"atkp-link\" href=\"https:\/\/www.awin1.com\/pclick.php?p=29317953529&a=514839&m=11717\" rel=\"sponsored nofollow noopener\" target=\"_blank\"  title=\"Gutschein ansehen\" >&euro; 269.90 <span class=\"atkp_price atkp-baseprice\"><\/span>*<\/a><\/td><td class=\"has-text-align-center\" data-align=\"center\"><a href=\"https:\/\/tidd.ly\/47WoQr8\" target=\"_blank\" rel=\"noreferrer noopener\">ab \u20ac 199,00 *<\/a><\/td><\/tr><tr><td class=\"has-text-align-center\" data-align=\"center\"><a href=\"https:\/\/dein-fallschirmsprung.de\/en\/fallschirmsprung-6000-meter\/\">Tandemsprung 6000m<\/a><\/td><td class=\"has-text-align-center\" data-align=\"center\">5000-6.000 <\/td><td class=\"has-text-align-center\" data-align=\"center\">80-90 sek.<\/td><td class=\"has-text-align-center\" data-align=\"center\">Aktuell nicht verf\u00fcgbar<\/td><td class=\"has-text-align-center\" data-align=\"center\">Aktuell nicht verf\u00fcgbar<\/td><\/tr><tr><td class=\"has-text-align-center\" data-align=\"center\"><a href=\"https:\/\/dein-fallschirmsprung.de\/en\/solo-fallschirmsprung\/\">Fallschirmsprung Solo<\/a><\/td><td class=\"has-text-align-center\" data-align=\"center\">3000-4000 <\/td><td class=\"has-text-align-center\" data-align=\"center\">30-60 sek.<\/td><td class=\"has-text-align-center\" data-align=\"center\">Aktuell nicht verf\u00fcgbar<\/td><td class=\"has-text-align-center\" data-align=\"center\">Aktuell nicht verf\u00fcgbar<\/td><\/tr><tr><td class=\"has-text-align-center\" data-align=\"center\"><\/td><td class=\"has-text-align-center\" data-align=\"center\"><\/td><td class=\"has-text-align-center\" data-align=\"center\"><\/td><td class=\"has-text-align-center\" data-align=\"center\"><a href=\"https:\/\/tidd.ly\/3LlKqKn\">Alle Gutscheine anzeigen*<\/a><\/td><td class=\"has-text-align-center\" data-align=\"center\"><a href=\"https:\/\/tidd.ly\/47WoQr8\" target=\"_blank\" rel=\"noreferrer noopener\">Alle Gutscheine anzeigen*<\/a><\/td><\/tr><\/tbody><\/table><figcaption class=\"wp-element-caption\">Aktuelle Preise im April 2026 f\u00fcr einen Fallschirm Tandemsprung bei Jochen Schweizer und Mydays.de<\/figcaption><\/figure>\n\n\n\n<div style=\"height:25px\" aria-hidden=\"true\" class=\"wp-block-spacer\"><\/div>\n\n\n\n<p class=\"has-small-font-size\">Die mit Sternchen (<strong>*<\/strong>) gekennzeichneten Verweise sind sogenannte Provision-Links. Wenn du auf so einen Verweislink klickst und \u00fcber diesen Link einkaufst, bekomme ich von deinem Einkauf eine Provision. F\u00fcr dich ver\u00e4ndert sich der Preis nicht.<\/p>","protected":false},"excerpt":{"rendered":"<p>Fallschirmsprung&nbsp;Preise Du fragst dich: Wie viel kostet ein Fallschirmsprung? Dann bist du hier genau richtig. Denn auf dieser Seite haben wir f\u00fcr dich die aktuellen Preise f\u00fcr einen Tandemsprung im April 2026 aufgelistet. Aktuelle Preise im April 2026: Sprungart Sprungh\u00f6he (Meter) Freifall (Sekunden) Jochen Schweizer Mydays Tandemsprung 4000m 3000-4000 30-60 sek. ab \u20ac 199,00 * &#8230; <a title=\"Fallschirmsprung Preise\" class=\"read-more\" href=\"https:\/\/dein-fallschirmsprung.de\/en\/preise\/\" aria-label=\"More on Fallschirmsprung Preise\">Read more<\/a><\/p>","protected":false},"author":1,"featured_media":113,"parent":0,"menu_order":0,"comment_status":"closed","ping_status":"closed","template":"","meta":{"footnotes":""},"class_list":["post-127","page","type-page","status-publish","has-post-thumbnail"],"yoast_head":"<!-- This site is optimized with the Yoast SEO plugin v27.3 - https:\/\/yoast.com\/product\/yoast-seo-wordpress\/ -->\n<title>\u25b7 Was kostet ein Fallschirmsprung? \u2764\ufe0f Aktuelle Preise 2026<\/title>\n<meta name=\"description\" content=\"\u25b7 Was kostet ein Fallschirmsprung? \u2b50 Aktuelle Preise 2026 \u2b50 die besten Gutscheine \u27a4 Hier klicken &amp; abheben!\" \/>\n<meta name=\"robots\" content=\"index, follow, max-snippet:-1, max-image-preview:large, max-video-preview:-1\" \/>\n<link rel=\"canonical\" href=\"https:\/\/dein-fallschirmsprung.de\/en\/preise\/\" \/>\n<meta property=\"og:locale\" content=\"en_GB\" \/>\n<meta property=\"og:type\" content=\"article\" \/>\n<meta property=\"og:title\" content=\"\u25b7 Was kostet ein Fallschirmsprung? \u2764\ufe0f Aktuelle Preise 2026\" \/>\n<meta property=\"og:description\" content=\"\u25b7 Was kostet ein Fallschirmsprung? \u2b50 Aktuelle Preise 2026 \u2b50 die besten Gutscheine \u27a4 Hier klicken &amp; abheben!\" \/>\n<meta property=\"og:url\" content=\"https:\/\/dein-fallschirmsprung.de\/en\/preise\/\" \/>\n<meta property=\"og:site_name\" content=\"Dein-Fallschirmsprung.de\" \/>\n<meta property=\"article:modified_time\" content=\"2023-11-29T08:17:49+00:00\" \/>\n<meta property=\"og:image\" content=\"https:\/\/dein-fallschirmsprung.de\/wp-content\/uploads\/2022\/03\/fallschirmsprung-tandemsprung-2.jpg\" \/>\n\t<meta property=\"og:image:width\" content=\"1000\" \/>\n\t<meta property=\"og:image:height\" content=\"563\" \/>\n\t<meta property=\"og:image:type\" content=\"image\/jpeg\" \/>\n<meta name=\"twitter:card\" content=\"summary_large_image\" \/>\n<meta name=\"twitter:label1\" content=\"Estimated reading time\" \/>\n\t<meta name=\"twitter:data1\" content=\"1 minute\" \/>\n<script type=\"application\/ld+json\" class=\"yoast-schema-graph\">{\"@context\":\"https:\\\/\\\/schema.org\",\"@graph\":[{\"@type\":\"WebPage\",\"@id\":\"https:\\\/\\\/dein-fallschirmsprung.de\\\/preise\\\/\",\"url\":\"https:\\\/\\\/dein-fallschirmsprung.de\\\/preise\\\/\",\"name\":\"\u25b7 Was kostet ein Fallschirmsprung? \u2764\ufe0f Aktuelle Preise 2026\",\"isPartOf\":{\"@id\":\"https:\\\/\\\/dein-fallschirmsprung.de\\\/#website\"},\"primaryImageOfPage\":{\"@id\":\"https:\\\/\\\/dein-fallschirmsprung.de\\\/preise\\\/#primaryimage\"},\"image\":{\"@id\":\"https:\\\/\\\/dein-fallschirmsprung.de\\\/preise\\\/#primaryimage\"},\"thumbnailUrl\":\"https:\\\/\\\/dein-fallschirmsprung.de\\\/wp-content\\\/uploads\\\/2022\\\/03\\\/fallschirmsprung-tandemsprung-2.jpg\",\"datePublished\":\"2022-03-19T03:56:51+00:00\",\"dateModified\":\"2023-11-29T08:17:49+00:00\",\"description\":\"\u25b7 Was kostet ein Fallschirmsprung? \u2b50 Aktuelle Preise 2026 \u2b50 die besten Gutscheine \u27a4 Hier klicken & abheben!\",\"inLanguage\":\"en-GB\",\"potentialAction\":[{\"@type\":\"ReadAction\",\"target\":[\"https:\\\/\\\/dein-fallschirmsprung.de\\\/preise\\\/\"]}]},{\"@type\":\"ImageObject\",\"inLanguage\":\"en-GB\",\"@id\":\"https:\\\/\\\/dein-fallschirmsprung.de\\\/preise\\\/#primaryimage\",\"url\":\"https:\\\/\\\/dein-fallschirmsprung.de\\\/wp-content\\\/uploads\\\/2022\\\/03\\\/fallschirmsprung-tandemsprung-2.jpg\",\"contentUrl\":\"https:\\\/\\\/dein-fallschirmsprung.de\\\/wp-content\\\/uploads\\\/2022\\\/03\\\/fallschirmsprung-tandemsprung-2.jpg\",\"width\":1000,\"height\":563,\"caption\":\"Fallschirmsprung Tandemsprung\"},{\"@type\":\"WebSite\",\"@id\":\"https:\\\/\\\/dein-fallschirmsprung.de\\\/#website\",\"url\":\"https:\\\/\\\/dein-fallschirmsprung.de\\\/\",\"name\":\"Dein-Fallschirmsprung.de\",\"description\":\"Fallschirmspringen in deiner N\u00e4he!\",\"publisher\":{\"@id\":\"https:\\\/\\\/dein-fallschirmsprung.de\\\/#organization\"},\"potentialAction\":[{\"@type\":\"SearchAction\",\"target\":{\"@type\":\"EntryPoint\",\"urlTemplate\":\"https:\\\/\\\/dein-fallschirmsprung.de\\\/?s={search_term_string}\"},\"query-input\":{\"@type\":\"PropertyValueSpecification\",\"valueRequired\":true,\"valueName\":\"search_term_string\"}}],\"inLanguage\":\"en-GB\"},{\"@type\":\"Organization\",\"@id\":\"https:\\\/\\\/dein-fallschirmsprung.de\\\/#organization\",\"name\":\"Dein-Fallschirmsprung.de\",\"url\":\"https:\\\/\\\/dein-fallschirmsprung.de\\\/\",\"logo\":{\"@type\":\"ImageObject\",\"inLanguage\":\"en-GB\",\"@id\":\"https:\\\/\\\/dein-fallschirmsprung.de\\\/#\\\/schema\\\/logo\\\/image\\\/\",\"url\":\"https:\\\/\\\/dein-fallschirmsprung.de\\\/wp-content\\\/uploads\\\/2023\\\/03\\\/skydiving.png\",\"contentUrl\":\"https:\\\/\\\/dein-fallschirmsprung.de\\\/wp-content\\\/uploads\\\/2023\\\/03\\\/skydiving.png\",\"width\":512,\"height\":512,\"caption\":\"Dein-Fallschirmsprung.de\"},\"image\":{\"@id\":\"https:\\\/\\\/dein-fallschirmsprung.de\\\/#\\\/schema\\\/logo\\\/image\\\/\"}}]}<\/script>\n<!-- \/ Yoast SEO plugin. -->","yoast_head_json":{"title":"\u25b7 Was kostet ein Fallschirmsprung? \u2764\ufe0f Aktuelle Preise 2026","description":"\u25b7 Was kostet ein Fallschirmsprung? \u2b50 Aktuelle Preise 2026 \u2b50 die besten Gutscheine \u27a4 Hier klicken & abheben!","robots":{"index":"index","follow":"follow","max-snippet":"max-snippet:-1","max-image-preview":"max-image-preview:large","max-video-preview":"max-video-preview:-1"},"canonical":"https:\/\/dein-fallschirmsprung.de\/en\/preise\/","og_locale":"en_GB","og_type":"article","og_title":"\u25b7 Was kostet ein Fallschirmsprung? \u2764\ufe0f Aktuelle Preise 2026","og_description":"\u25b7 Was kostet ein Fallschirmsprung? \u2b50 Aktuelle Preise 2026 \u2b50 die besten Gutscheine \u27a4 Hier klicken & abheben!","og_url":"https:\/\/dein-fallschirmsprung.de\/en\/preise\/","og_site_name":"Dein-Fallschirmsprung.de","article_modified_time":"2023-11-29T08:17:49+00:00","og_image":[{"width":1000,"height":563,"url":"https:\/\/dein-fallschirmsprung.de\/wp-content\/uploads\/2022\/03\/fallschirmsprung-tandemsprung-2.jpg","type":"image\/jpeg"}],"twitter_card":"summary_large_image","twitter_misc":{"Estimated reading time":"1 minute"},"schema":{"@context":"https:\/\/schema.org","@graph":[{"@type":"WebPage","@id":"https:\/\/dein-fallschirmsprung.de\/preise\/","url":"https:\/\/dein-fallschirmsprung.de\/preise\/","name":"\u25b7 Was kostet ein Fallschirmsprung? \u2764\ufe0f Aktuelle Preise 2026","isPartOf":{"@id":"https:\/\/dein-fallschirmsprung.de\/#website"},"primaryImageOfPage":{"@id":"https:\/\/dein-fallschirmsprung.de\/preise\/#primaryimage"},"image":{"@id":"https:\/\/dein-fallschirmsprung.de\/preise\/#primaryimage"},"thumbnailUrl":"https:\/\/dein-fallschirmsprung.de\/wp-content\/uploads\/2022\/03\/fallschirmsprung-tandemsprung-2.jpg","datePublished":"2022-03-19T03:56:51+00:00","dateModified":"2023-11-29T08:17:49+00:00","description":"\u25b7 Was kostet ein Fallschirmsprung? \u2b50 Aktuelle Preise 2026 \u2b50 die besten Gutscheine \u27a4 Hier klicken & abheben!","inLanguage":"en-GB","potentialAction":[{"@type":"ReadAction","target":["https:\/\/dein-fallschirmsprung.de\/preise\/"]}]},{"@type":"ImageObject","inLanguage":"en-GB","@id":"https:\/\/dein-fallschirmsprung.de\/preise\/#primaryimage","url":"https:\/\/dein-fallschirmsprung.de\/wp-content\/uploads\/2022\/03\/fallschirmsprung-tandemsprung-2.jpg","contentUrl":"https:\/\/dein-fallschirmsprung.de\/wp-content\/uploads\/2022\/03\/fallschirmsprung-tandemsprung-2.jpg","width":1000,"height":563,"caption":"Fallschirmsprung Tandemsprung"},{"@type":"WebSite","@id":"https:\/\/dein-fallschirmsprung.de\/#website","url":"https:\/\/dein-fallschirmsprung.de\/","name":"Dein-Fallschirmsprung.de","description":"Fallschirmspringen in deiner N\u00e4he!","publisher":{"@id":"https:\/\/dein-fallschirmsprung.de\/#organization"},"potentialAction":[{"@type":"SearchAction","target":{"@type":"EntryPoint","urlTemplate":"https:\/\/dein-fallschirmsprung.de\/?s={search_term_string}"},"query-input":{"@type":"PropertyValueSpecification","valueRequired":true,"valueName":"search_term_string"}}],"inLanguage":"en-GB"},{"@type":"Organization","@id":"https:\/\/dein-fallschirmsprung.de\/#organization","name":"Dein-Fallschirmsprung.de","url":"https:\/\/dein-fallschirmsprung.de\/","logo":{"@type":"ImageObject","inLanguage":"en-GB","@id":"https:\/\/dein-fallschirmsprung.de\/#\/schema\/logo\/image\/","url":"https:\/\/dein-fallschirmsprung.de\/wp-content\/uploads\/2023\/03\/skydiving.png","contentUrl":"https:\/\/dein-fallschirmsprung.de\/wp-content\/uploads\/2023\/03\/skydiving.png","width":512,"height":512,"caption":"Dein-Fallschirmsprung.de"},"image":{"@id":"https:\/\/dein-fallschirmsprung.de\/#\/schema\/logo\/image\/"}}]}},"_links":{"self":[{"href":"https:\/\/dein-fallschirmsprung.de\/en\/wp-json\/wp\/v2\/pages\/127","targetHints":{"allow":["GET"]}}],"collection":[{"href":"https:\/\/dein-fallschirmsprung.de\/en\/wp-json\/wp\/v2\/pages"}],"about":[{"href":"https:\/\/dein-fallschirmsprung.de\/en\/wp-json\/wp\/v2\/types\/page"}],"author":[{"embeddable":true,"href":"https:\/\/dein-fallschirmsprung.de\/en\/wp-json\/wp\/v2\/users\/1"}],"replies":[{"embeddable":true,"href":"https:\/\/dein-fallschirmsprung.de\/en\/wp-json\/wp\/v2\/comments?post=127"}],"version-history":[{"count":55,"href":"https:\/\/dein-fallschirmsprung.de\/en\/wp-json\/wp\/v2\/pages\/127\/revisions"}],"predecessor-version":[{"id":4976,"href":"https:\/\/dein-fallschirmsprung.de\/en\/wp-json\/wp\/v2\/pages\/127\/revisions\/4976"}],"wp:featuredmedia":[{"embeddable":true,"href":"https:\/\/dein-fallschirmsprung.de\/en\/wp-json\/wp\/v2\/media\/113"}],"wp:attachment":[{"href":"https:\/\/dein-fallschirmsprung.de\/en\/wp-json\/wp\/v2\/media?parent=127"}],"curies":[{"name":"wp","href":"https:\/\/api.w.org\/{rel}","templated":true}]}}